{"id":66,"date":"2022-03-23T15:54:05","date_gmt":"2022-03-23T15:54:05","guid":{"rendered":"https:\/\/edukace.cochem.cz\/?page_id=66"},"modified":"2022-09-05T11:11:06","modified_gmt":"2022-09-05T11:11:06","slug":"principy-v-pristupu-k-rodicum-vs-vlastni-hodnotovy-system","status":"publish","type":"page","link":"https:\/\/edukace.cochem.cz\/?page_id=66","title":{"rendered":"Principy v\u00a0p\u0159\u00edstupu k\u00a0rodi\u010d\u016fm vs. vlastn\u00ed hodnotov\u00fd syst\u00e9m"},"content":{"rendered":"\n<p>Je velkou v\u00fdzvou pro odborn\u00edky, aby do \u0159e\u0161en\u00ed situace neprom\u00edtali sv\u016fj hodnotov\u00fd syst\u00e9m vych\u00e1zej\u00edc\u00ed nikoliv z objektivn\u00edch skute\u010dnost\u00ed, ale z postoj\u016f \u010di sv\u00fdch \u017eivotn\u00edch zku\u0161enost\u00ed. Z\u00e1rove\u0148 je pot\u0159eba respektovat pr\u00e1vo rodi\u010de a d\u00edt\u011bte na ochranu rodinn\u00e9ho \u017eivota. Z\u00e1sadu, \u017ee st\u00e1t m\u00e1 do rodiny ingerovat pouze v nezbytn\u00fdch p\u0159\u00edpadech, lze dob\u0159e uk\u00e1zat na p\u0159\u00edkladu rozhodnut\u00ed High Court of England and Wales, Re L (Care: Treshold Criteria) [2007] 1 FLR 2050:<\/p>\n\n\n\n<blockquote class=\"wp-block-quote is-layout-flow wp-block-quote-is-layout-flow\"><p>\u201eSpole\u010dnost mus\u00ed b\u00fdt ochotn\u00e1 tolerovat velmi r\u016fzn\u00e9 standardy rodi\u010dovstv\u00ed, v\u010detn\u011b [rodi\u010dovstv\u00ed] excentrick\u00e9ho, sotva adekv\u00e1tn\u00edho \u010di nekonzistentn\u00edho. Z toho vypl\u00fdv\u00e1, \u017ee d\u011bti budou m\u00edt nevyhnuteln\u011b jak velmi rozd\u00edln\u00e9 zku\u0161enosti se sv\u00fdmi rodi\u010di, tak [budou za\u017e\u00edvat] nerovn\u00e9 d\u016fsledky z toho vypl\u00fdvaj\u00edc\u00ed. To znamen\u00e1, \u017ee n\u011bkter\u00e9 d\u011bti budou za\u017e\u00edvat znev\u00fdhodn\u011bn\u00ed a \u00fajmu, zat\u00edmco jin\u00e9 budou prosp\u00edvat v miluj\u00edc\u00ed atmosf\u00e9\u0159e bezpe\u010d\u00ed a emocion\u00e1ln\u00ed stability. Toto jsou d\u016fsledky na\u0161\u00ed omyln\u00e9 humanity a nen\u00ed \u00fakolem st\u00e1tu u\u0161et\u0159it d\u011bti v\u0161ech d\u016fsledk\u016f defektn\u00edho rodi\u010dovstv\u00ed. To by jednodu\u0161e nebylo jakkoli provediteln\u00e9.\u201c <\/p><cite><em>(kulat\u00fd st\u016fl MPSV \u201eRole OSPOD jako kolizn\u00edho opatrovn\u00edka d\u00edt\u011bte v soudn\u00edm \u0159\u00edzen\u00ed\u201c, Praha, 9. \u0159\u00edjna 2017)<\/em><\/cite><\/blockquote>\n\n\n\n<p>Edukace je poskytov\u00e1na v r\u00e1mci <strong>rodinn\u00e9ho pr\u00e1va soukrom\u00e9ho<\/strong>, tedy <strong>dv\u011bma sv\u00e9pr\u00e1vn\u00fdm rodi\u010d\u016fm<\/strong>, u nich\u017e nejsou v dan\u00e9 dob\u011b re\u00e1ln\u00e9 indicie o naru\u0161en\u00ed rodi\u010dovsk\u00fdch kompetenc\u00ed. Rodinn\u00e9 pr\u00e1vo soukrom\u00e9 se t\u00fdk\u00e1 v\u00fdhradn\u011b <strong>\u0159\u00edzen\u00ed, ve kter\u00fdch se upravuj\u00ed pom\u011bry nezletil\u00fdch d\u011bt\u00ed dvou sv\u00e9pr\u00e1vn\u00fdch a pln\u011b kompetentn\u00edch rodi\u010d\u016f<\/strong>.<\/p>\n\n\n\n<p>Oproti tomu <strong>rodinn\u00e9 pr\u00e1vo ve\u0159ejn\u00e9<\/strong> se <strong>prim\u00e1rn\u011b zam\u011b\u0159uje na ochranu d\u011bt\u00ed<\/strong>, kde rodi\u010de bu\u010f chyb\u00ed \u010di maj\u00ed <strong>naru\u0161en\u00e9 rodi\u010dovsk\u00e9 kompetence<\/strong>, typicky rodi\u010de zneu\u017e\u00edvaj\u00edc\u00ed n\u00e1vykov\u00e9 l\u00e1tky, sou\u017eit\u00ed rodi\u010d\u016f s prvky dom\u00e1c\u00edho n\u00e1sil\u00ed, ale tak\u00e9 rodi\u010de, kter\u00fdm se neda\u0159\u00ed zvl\u00e1dnout rodi\u010dovsk\u00fd konflikt spojen\u00fd s rozpadem jejich sou\u017eit\u00ed.<\/p>\n\n\n\n<p>Pokud se ani p\u0159es poskytnut\u00e9 intervence neda\u0159\u00ed konflikt rodi\u010d\u016f zm\u00edrnit a jsou tedy re\u00e1ln\u00e9 indicie o chyb\u011bj\u00edc\u00ed specifick\u00e9 kompetenci rodi\u010d\u016f \u2013 tedy jejich schopnosti prov\u00e9st d\u00edt\u011b rozpadem sou\u017eit\u00ed bez v\u00e1\u017en\u011bj\u0161\u00ed \u00fajmy, doch\u00e1z\u00ed k p\u0159ekro\u010den\u00ed pomysln\u00e9 hranice mezi rodinn\u00fdm pr\u00e1vem soukrom\u00fdm a ve\u0159ejn\u00fdm. Jak uv\u00e1d\u00ed Novotn\u00e1, za ohro\u017een\u00e9 lze rovn\u011b\u017e pova\u017eovat d\u011bti <\/p>\n\n\n\n<blockquote class=\"wp-block-quote is-layout-flow wp-block-quote-is-layout-flow\"><p>\u201e\u2026jejich\u017e rodi\u010de se rozch\u00e1zej\u00ed nebo se ji\u017e roze\u0161li a sv\u00fdmi nep\u0159\u00e1telsk\u00fdmi postoji v\u016f\u010di sob\u011b navz\u00e1jem, ne\u00fastupnost\u00ed v \u0159e\u0161en\u00ed vz\u00e1jemn\u00fdch vztah\u016f, neochotou ke kompromisu p\u0159i \u0159e\u0161en\u00ed spor\u016f a nerespektov\u00e1n\u00edm soudn\u00edch rozhodnut\u00ed d\u011btem v\u011bdom\u011b \u010di nev\u011bdom\u011b ubli\u017euj\u00ed\u201c. <\/p><p><a id=\"_msocom_1\"><\/a><\/p><cite><em>(Novotn\u00e1, 2016, s. 43)<\/em><\/cite><\/blockquote>\n\n\n\n<figure class=\"wp-block-image aligncenter size-large\"><img loading=\"lazy\" decoding=\"async\" width=\"1024\" height=\"725\" src=\"https:\/\/edukace.cochem.cz\/wp-content\/uploads\/2022\/03\/principy_v_pristupu_k_rodicum_a_detem_web-1024x725.jpg\" alt=\"principy_v_pristupu_k_rodicum_a_detem\" class=\"wp-image-108\" srcset=\"https:\/\/edukace.cochem.cz\/wp-content\/uploads\/2022\/03\/principy_v_pristupu_k_rodicum_a_detem_web-1024x725.jpg 1024w, https:\/\/edukace.cochem.cz\/wp-content\/uploads\/2022\/03\/principy_v_pristupu_k_rodicum_a_detem_web-300x212.jpg 300w, https:\/\/edukace.cochem.cz\/wp-content\/uploads\/2022\/03\/principy_v_pristupu_k_rodicum_a_detem_web-768x544.jpg 768w, https:\/\/edukace.cochem.cz\/wp-content\/uploads\/2022\/03\/principy_v_pristupu_k_rodicum_a_detem_web.jpg 1085w\" sizes=\"auto, (max-width: 1024px) 100vw, 1024px\" \/><figcaption><em>Principy v p\u0159\u00edstupu k rodi\u010d\u016fm a d\u011btem<\/em><\/figcaption><\/figure>\n\n\n\n<div style=\"height:50px\" aria-hidden=\"true\" class=\"wp-block-spacer\"><\/div>\n\n\n\n<hr class=\"wp-block-separator has-text-color has-css-opacity has-background alignwide is-style-wide\" style=\"background-color:#eac323;color:#eac323\"\/>\n\n\n\n<div style=\"height:30px\" aria-hidden=\"true\" class=\"wp-block-spacer\"><\/div>\n\n\n\n<div class=\"wp-block-buttons alignwide is-content-justification-center is-layout-flex wp-container-core-buttons-is-layout-a89b3969 wp-block-buttons-is-layout-flex\">\n<div class=\"wp-block-button\"><a class=\"wp-block-button__link\" href=\"https:\/\/edukace.cochem.cz\/?page_id=64\">&lt;&lt; <strong>Typy konflikt\u016f rodi\u010d\u016f souvisej\u00edc\u00ed s rozpadem jejich sou\u017eit\u00ed<\/strong><\/a><\/div>\n\n\n\n<div class=\"wp-block-button\"><a class=\"wp-block-button__link\" href=\"https:\/\/edukace.cochem.cz\/?page_id=73\"><strong>Proces edukace \u2013 zapojen\u00e9 instituce<\/strong> &gt;&gt;<\/a><\/div>\n<\/div>\n\n\n\n<p><\/p>\n","protected":false},"excerpt":{"rendered":"<p>Je velkou v\u00fdzvou pro odborn\u00edky, aby do \u0159e\u0161en\u00ed situace neprom\u00edtali sv\u016fj hodnotov\u00fd syst\u00e9m vych\u00e1zej\u00edc\u00ed nikoliv z objektivn\u00edch skute\u010dnost\u00ed, ale z postoj\u016f \u010di sv\u00fdch \u017eivotn\u00edch zku\u0161enost\u00ed. Z\u00e1rove\u0148 je pot\u0159eba respektovat pr\u00e1vo rodi\u010de a d\u00edt\u011bte na ochranu rodinn\u00e9ho \u017eivota. Z\u00e1sadu, \u017ee st\u00e1t m\u00e1 do rodiny ingerovat pouze v nezbytn\u00fdch p\u0159\u00edpadech, lze dob\u0159e uk\u00e1zat na p\u0159\u00edkladu rozhodnut\u00ed High [&hellip;]<\/p>\n","protected":false},"author":1,"featured_media":0,"parent":7,"menu_order":0,"comment_status":"closed","ping_status":"closed","template":"","meta":{"site-sidebar-layout":"default","site-content-layout":"","ast-site-content-layout":"","site-content-style":"default","site-sidebar-style":"default","ast-global-header-display":"","ast-banner-title-visibility":"","ast-main-header-display":"","ast-hfb-above-header-display":"","ast-hfb-below-header-display":"","ast-hfb-mobile-header-display":"","site-post-title":"","ast-breadcrumbs-content":"","ast-featured-img":"","footer-sml-layout":"","theme-transparent-header-meta":"","adv-header-id-meta":"","stick-header-meta":"","header-above-stick-meta":"","header-main-stick-meta":"","header-below-stick-meta":"","astra-migrate-meta-layouts":"default","ast-page-background-enabled":"default","ast-page-background-meta":{"desktop":{"background-color":"var(--ast-global-color-4)","background-image":"","background-repeat":"repeat","background-position":"center center","background-size":"auto","background-attachment":"scroll","background-type":"","background-media":"","overlay-type":"","overlay-color":"","overlay-opacity":"","overlay-gradient":""},"tablet":{"background-color":"","background-image":"","background-repeat":"repeat","background-position":"center center","background-size":"auto","background-attachment":"scroll","background-type":"","background-media":"","overlay-type":"","overlay-color":"","overlay-opacity":"","overlay-gradient":""},"mobile":{"background-color":"","background-image":"","background-repeat":"repeat","background-position":"center center","background-size":"auto","background-attachment":"scroll","background-type":"","background-media":"","overlay-type":"","overlay-color":"","overlay-opacity":"","overlay-gradient":""}},"ast-content-background-meta":{"desktop":{"background-color":"var(--ast-global-color-5)","background-image":"","background-repeat":"repeat","background-position":"center center","background-size":"auto","background-attachment":"scroll","background-type":"","background-media":"","overlay-type":"","overlay-color":"","overlay-opacity":"","overlay-gradient":""},"tablet":{"background-color":"var(--ast-global-color-5)","background-image":"","background-repeat":"repeat","background-position":"center center","background-size":"auto","background-attachment":"scroll","background-type":"","background-media":"","overlay-type":"","overlay-color":"","overlay-opacity":"","overlay-gradient":""},"mobile":{"background-color":"var(--ast-global-color-5)","background-image":"","background-repeat":"repeat","background-position":"center center","background-size":"auto","background-attachment":"scroll","background-type":"","background-media":"","overlay-type":"","overlay-color":"","overlay-opacity":"","overlay-gradient":""}},"footnotes":""},"class_list":["post-66","page","type-page","status-publish","hentry"],"_links":{"self":[{"href":"https:\/\/edukace.cochem.cz\/index.php?rest_route=\/wp\/v2\/pages\/66","targetHints":{"allow":["GET"]}}],"collection":[{"href":"https:\/\/edukace.cochem.cz\/index.php?rest_route=\/wp\/v2\/pages"}],"about":[{"href":"https:\/\/edukace.cochem.cz\/index.php?rest_route=\/wp\/v2\/types\/page"}],"author":[{"embeddable":true,"href":"https:\/\/edukace.cochem.cz\/index.php?rest_route=\/wp\/v2\/users\/1"}],"replies":[{"embeddable":true,"href":"https:\/\/edukace.cochem.cz\/index.php?rest_route=%2Fwp%2Fv2%2Fcomments&post=66"}],"version-history":[{"count":11,"href":"https:\/\/edukace.cochem.cz\/index.php?rest_route=\/wp\/v2\/pages\/66\/revisions"}],"predecessor-version":[{"id":439,"href":"https:\/\/edukace.cochem.cz\/index.php?rest_route=\/wp\/v2\/pages\/66\/revisions\/439"}],"up":[{"embeddable":true,"href":"https:\/\/edukace.cochem.cz\/index.php?rest_route=\/wp\/v2\/pages\/7"}],"wp:attachment":[{"href":"https:\/\/edukace.cochem.cz\/index.php?rest_route=%2Fwp%2Fv2%2Fmedia&parent=66"}],"curies":[{"name":"wp","href":"https:\/\/api.w.org\/{rel}","templated":true}]}}