{"id":64,"date":"2022-03-23T15:53:47","date_gmt":"2022-03-23T15:53:47","guid":{"rendered":"https:\/\/edukace.cochem.cz\/?page_id=64"},"modified":"2022-09-05T11:14:23","modified_gmt":"2022-09-05T11:14:23","slug":"typy-konfliktu-rodicu-souvisejici-s-rozpadem-jejich-souziti","status":"publish","type":"page","link":"https:\/\/edukace.cochem.cz\/?page_id=64","title":{"rendered":"Typy konflikt\u016f rodi\u010d\u016f souvisej\u00edc\u00ed s\u00a0rozpadem jejich sou\u017eit\u00ed"},"content":{"rendered":"\n<p>Jak uv\u00e1d\u00ed Fu\u010d\u00edk (2020), <strong>konflikty rodi\u010d\u016f v\/po rozpadu sou\u017eit\u00ed existuj\u00ed v mnoha rovin\u00e1ch a eskaluj\u00ed postupn\u011b.<\/strong> D\u016fle\u017eitou roli p\u0159i jejich eskalaci \u010di zvl\u00e1d\u00e1n\u00ed hraje i kultura rozvodovosti, kter\u00e1 je v zahrani\u010d\u00ed jin\u00e1 ne\u017e v \u010cesk\u00e9 republice. Ka\u017ed\u00fd, kdo se rozv\u00e1d\u00ed zva\u017euje strategie, podle nich\u017e se bude chovat. Z\u00e1le\u017e\u00ed pak i na tom, jak je nastaven\u00fd pr\u00e1vn\u00ed \u010di obecn\u011bji kulturn\u00ed syst\u00e9m, ve kter\u00e9m se rozch\u00e1zej\u00edc\u00ed se rodi\u010de pohybuj\u00ed. Zda je standardn\u00ed uva\u017eovat o sd\u00edlen\u00e9m rodi\u010dovstv\u00ed po rozvodu, pop\u0159\u00edpad\u011b je b\u011b\u017en\u00e9, \u017ee jsou d\u011bti p\u0159ev\u00e1\u017en\u011b sv\u011b\u0159ov\u00e1ny do p\u00e9\u010de jednoho rodi\u010de, zpravidla matky. Syst\u00e9m, kter\u00fd preferuje p\u00e9\u010di jednoho rodi\u010d\u016f, pak t\u011bmto konflikt\u016fm nahr\u00e1v\u00e1. Konflikty potencuj\u00ed i situace, kdy otcov\u00e9 mus\u00ed v opatrovnick\u00fdch \u0159\u00edzen\u00edch dokazovat, \u017ee se um\u00ed postarat o sv\u00e9 vlastn\u00ed d\u00edt\u011b, mus\u00ed se obh\u00e1jit. Naproti tomu p\u0159i sv\u011b\u0159ov\u00e1n\u00ed d\u011bt\u00ed do p\u00e9\u010de matek k \u201eprov\u011b\u0159ov\u00e1n\u00ed\u201c zpravidla nedoch\u00e1z\u00ed. Absence jednoho rodi\u010de p\u0159i v\u00fdchov\u011b d\u00edt\u011bte je pak institucemi a v\u011bt\u0161inovou spole\u010dnost\u00ed p\u0159ij\u00edm\u00e1na l\u00e9pe ne\u017e to, \u017ee d\u00edt\u011b pob\u00fdv\u00e1 st\u0159\u00eddav\u011b v dom\u00e1cnostech obou rodi\u010d\u016f.<\/p>\n\n\n\n<p>V t\u00e9to souvislosti je pot\u0159eba v\u011bd\u011bt, pro\u010d vlastn\u011b p\u0159i rozpadu sou\u017eit\u00ed rodi\u010d\u016f doch\u00e1z\u00ed k jejich konflikt\u016fm ohledn\u011b uspo\u0159\u00e1d\u00e1n\u00ed pom\u011br\u016f spole\u010dn\u00e9ho nezletil\u00e9ho d\u00edt\u011bte. Zji\u0161t\u011bn\u00ed p\u0159\u00ed\u010diny konfliktu je nezbytn\u00fdm p\u0159edpokladem p\u0159i volb\u011b adekv\u00e1tn\u00ed odborn\u00e9 pomoci. <strong>V praxi se nej\u010dast\u011bji vyskytuj\u00ed t\u0159i typy rodi\u010dovsk\u00fdch konflikt\u016f<\/strong>:<\/p>\n\n\n\n<p><strong>Prvn\u00ed<\/strong> m\u00e1 sv\u016fj prim\u00e1rn\u00ed <strong>zdroj v samotn\u00e9m partnersk\u00e9m vztahu<\/strong> (d\u00e1le jen <em>vztahov\u00fd konflikt<\/em>). Prim\u00e1rn\u00ed zdroj <strong>druh\u00e9ho<\/strong> typu rodi\u010dovsk\u00e9ho konfliktu m\u016f\u017eeme nal\u00e9zt <strong>v po rozvodov\u00e9m\/po rozchodov\u00e9m vypo\u0159\u00e1d\u00e1n\u00ed majetkov\u00fdch pom\u011br\u016f<\/strong> rodi\u010d\u016f (d\u00e1le jen <em>majetkov\u00fd konflikt<\/em>). V obou t\u011bchto p\u0159\u00edpadech je nezletil\u00e9 d\u00edt\u011b (respektive \u00faprava pom\u011br\u016f k n\u011bmu) zbran\u00ed jednoho rodi\u010de proti druh\u00e9mu. Typick\u00e1 jsou jedn\u00e1n\u00ed opou\u0161t\u011bn\u00e9ho rodi\u010de, kter\u00fd se sna\u017e\u00ed partnera za opu\u0161t\u011bn\u00ed potrestat omezen\u00edm kontakt\u016f s d\u00edt\u011btem; nebo \u201ev\u00fdhru\u017eka\u201c n\u011bkter\u00fdch rodi\u010d\u016f st\u0159\u00eddavou p\u00e9\u010d\u00ed p\u0159i d\u011blen\u00ed majetku. <strong>Posledn<\/strong>\u00ed typ konfliktu m\u00e1 sv\u016fj p\u016fvod <strong>v odli\u0161n\u00e9m hodnotov\u00e9m pohledu na r\u016fzn\u00e9 formy p\u00e9\u010de<\/strong> (d\u00e1le jen <em>hodnotov\u00fd konflikt<\/em>). N\u011bkte\u0159\u00ed rodi\u010de jsou pod vlivem sv\u00e9ho spole\u010densk\u00e9ho prost\u0159ed\u00ed, popul\u00e1rn\u011b \u201ev\u011bdeck\u00fdch\u201c vyj\u00e1d\u0159en\u00ed odborn\u00edk\u016f, sd\u011blovac\u00edch prost\u0159edk\u016f bytostn\u011b p\u0159esv\u011bd\u010deni o (ne)vhodnosti ur\u010dit\u00e9 formy p\u00e9\u010de o d\u00edt\u011b \u2013 zpravidla se jedn\u00e1 o vnit\u0159n\u00ed p\u0159esv\u011bd\u010den\u00ed matek o nevhodnosti st\u0159\u00eddav\u00e9 p\u00e9\u010de. V praxi se jednotliv\u00e9 typy rodi\u010dovsk\u00fdch konflikt\u016f mohou r\u016fzn\u011b kumulovat.<\/p>\n\n\n\n<div style=\"height:50px\" aria-hidden=\"true\" class=\"wp-block-spacer\"><\/div>\n\n\n\n<hr class=\"wp-block-separator has-text-color has-css-opacity has-background alignwide is-style-wide\" style=\"background-color:#eac323;color:#eac323\"\/>\n\n\n\n<div style=\"height:30px\" aria-hidden=\"true\" class=\"wp-block-spacer\"><\/div>\n\n\n\n<div class=\"wp-block-buttons alignwide is-content-justification-center is-layout-flex wp-container-core-buttons-is-layout-a89b3969 wp-block-buttons-is-layout-flex\">\n<div class=\"wp-block-button\"><a class=\"wp-block-button__link\" href=\"https:\/\/edukace.cochem.cz\/?page_id=169\">&lt;&lt; <strong>Edukace \u2013 definice, pot\u0159eba a \u00fa\u010del<\/strong><\/a><\/div>\n\n\n\n<div class=\"wp-block-button\"><a class=\"wp-block-button__link\" href=\"https:\/\/edukace.cochem.cz\/?page_id=66\"><strong>Principy v p\u0159\u00edstupu k rodi\u010d\u016fm vs. vlastn\u00ed hodnotov\u00fd syst\u00e9m<\/strong> &gt;&gt;<\/a><\/div>\n<\/div>\n\n\n\n<p><\/p>\n","protected":false},"excerpt":{"rendered":"<p>Jak uv\u00e1d\u00ed Fu\u010d\u00edk (2020), konflikty rodi\u010d\u016f v\/po rozpadu sou\u017eit\u00ed existuj\u00ed v mnoha rovin\u00e1ch a eskaluj\u00ed postupn\u011b. D\u016fle\u017eitou roli p\u0159i jejich eskalaci \u010di zvl\u00e1d\u00e1n\u00ed hraje i kultura rozvodovosti, kter\u00e1 je v zahrani\u010d\u00ed jin\u00e1 ne\u017e v \u010cesk\u00e9 republice. Ka\u017ed\u00fd, kdo se rozv\u00e1d\u00ed zva\u017euje strategie, podle nich\u017e se bude chovat. Z\u00e1le\u017e\u00ed pak i na tom, jak je nastaven\u00fd [&hellip;]<\/p>\n","protected":false},"author":1,"featured_media":0,"parent":7,"menu_order":0,"comment_status":"closed","ping_status":"closed","template":"","meta":{"site-sidebar-layout":"default","site-content-layout":"","ast-site-content-layout":"","site-content-style":"default","site-sidebar-style":"default","ast-global-header-display":"","ast-banner-title-visibility":"","ast-main-header-display":"","ast-hfb-above-header-display":"","ast-hfb-below-header-display":"","ast-hfb-mobile-header-display":"","site-post-title":"","ast-breadcrumbs-content":"","ast-featured-img":"","footer-sml-layout":"","theme-transparent-header-meta":"","adv-header-id-meta":"","stick-header-meta":"","header-above-stick-meta":"","header-main-stick-meta":"","header-below-stick-meta":"","astra-migrate-meta-layouts":"default","ast-page-background-enabled":"default","ast-page-background-meta":{"desktop":{"background-color":"var(--ast-global-color-4)","background-image":"","background-repeat":"repeat","background-position":"center center","background-size":"auto","background-attachment":"scroll","background-type":"","background-media":"","overlay-type":"","overlay-color":"","overlay-opacity":"","overlay-gradient":""},"tablet":{"background-color":"","background-image":"","background-repeat":"repeat","background-position":"center center","background-size":"auto","background-attachment":"scroll","background-type":"","background-media":"","overlay-type":"","overlay-color":"","overlay-opacity":"","overlay-gradient":""},"mobile":{"background-color":"","background-image":"","background-repeat":"repeat","background-position":"center center","background-size":"auto","background-attachment":"scroll","background-type":"","background-media":"","overlay-type":"","overlay-color":"","overlay-opacity":"","overlay-gradient":""}},"ast-content-background-meta":{"desktop":{"background-color":"var(--ast-global-color-5)","background-image":"","background-repeat":"repeat","background-position":"center center","background-size":"auto","background-attachment":"scroll","background-type":"","background-media":"","overlay-type":"","overlay-color":"","overlay-opacity":"","overlay-gradient":""},"tablet":{"background-color":"var(--ast-global-color-5)","background-image":"","background-repeat":"repeat","background-position":"center center","background-size":"auto","background-attachment":"scroll","background-type":"","background-media":"","overlay-type":"","overlay-color":"","overlay-opacity":"","overlay-gradient":""},"mobile":{"background-color":"var(--ast-global-color-5)","background-image":"","background-repeat":"repeat","background-position":"center center","background-size":"auto","background-attachment":"scroll","background-type":"","background-media":"","overlay-type":"","overlay-color":"","overlay-opacity":"","overlay-gradient":""}},"footnotes":""},"class_list":["post-64","page","type-page","status-publish","hentry"],"_links":{"self":[{"href":"https:\/\/edukace.cochem.cz\/index.php?rest_route=\/wp\/v2\/pages\/64","targetHints":{"allow":["GET"]}}],"collection":[{"href":"https:\/\/edukace.cochem.cz\/index.php?rest_route=\/wp\/v2\/pages"}],"about":[{"href":"https:\/\/edukace.cochem.cz\/index.php?rest_route=\/wp\/v2\/types\/page"}],"author":[{"embeddable":true,"href":"https:\/\/edukace.cochem.cz\/index.php?rest_route=\/wp\/v2\/users\/1"}],"replies":[{"embeddable":true,"href":"https:\/\/edukace.cochem.cz\/index.php?rest_route=%2Fwp%2Fv2%2Fcomments&post=64"}],"version-history":[{"count":9,"href":"https:\/\/edukace.cochem.cz\/index.php?rest_route=\/wp\/v2\/pages\/64\/revisions"}],"predecessor-version":[{"id":442,"href":"https:\/\/edukace.cochem.cz\/index.php?rest_route=\/wp\/v2\/pages\/64\/revisions\/442"}],"up":[{"embeddable":true,"href":"https:\/\/edukace.cochem.cz\/index.php?rest_route=\/wp\/v2\/pages\/7"}],"wp:attachment":[{"href":"https:\/\/edukace.cochem.cz\/index.php?rest_route=%2Fwp%2Fv2%2Fmedia&parent=64"}],"curies":[{"name":"wp","href":"https:\/\/api.w.org\/{rel}","templated":true}]}}