{"id":239,"date":"2022-03-24T13:04:39","date_gmt":"2022-03-24T13:04:39","guid":{"rendered":"https:\/\/edukace.cochem.cz\/?page_id=239"},"modified":"2022-09-05T10:52:44","modified_gmt":"2022-09-05T10:52:44","slug":"co-rodicum-predat-s-cim-by-meli-odejit","status":"publish","type":"page","link":"https:\/\/edukace.cochem.cz\/?page_id=239","title":{"rendered":"Co rodi\u010d\u016fm p\u0159edat \u2013 s \u010d\u00edm by m\u011bli odej\u00edt"},"content":{"rendered":"\n<p>V r\u00e1mci edukace jsou rodi\u010d\u016fm p\u0159ed\u00e1ny eduka\u010dn\u00ed materi\u00e1ly:<\/p>\n\n\n\n<ul class=\"wp-block-list\"><li><strong>let\u00e1k pro rodi\u010de<\/strong>, jeho\u017e sou\u010d\u00e1st\u00ed mohou b\u00fdt z\u00e1kladn\u00ed informace t\u00fdkaj\u00edc\u00ed se pr\u016fb\u011bhu edukace, pr\u016fb\u011bhu soudn\u00edho \u0159\u00edzen\u00ed, informace o pot\u0159eb\u00e1ch d\u011bt\u00ed v rozpadu sou\u017eit\u00ed rodi\u010d\u016f, dopady rodi\u010dovsk\u00e9ho konfliktu na d\u011bti, kontakty na zainteresovan\u00e9 instituce a pom\u00e1haj\u00edc\u00ed profese<\/li><li><strong>20 p\u0159\u00e1n\u00ed d\u011bt\u00ed v rozvodov\u00e9 situaci<\/strong><a id=\"_ftnref1\" href=\"#_ftn1\"><sup>[1]<\/sup><\/a> (pokud nejsou na let\u00e1ku) event. <strong>\u201eRodi\u010de nerozv\u00e1d\u011bjte se s n\u00e1mi\u201c<\/strong><a id=\"_ftnref2\" href=\"#_ftn2\"><sup>[2]<\/sup><\/a> nebo podobn\u00fd materi\u00e1l, kter\u00fd jim zprost\u0159edkuje mo\u017en\u00e9 pro\u017e\u00edv\u00e1n\u00ed jejich d\u00edt\u011bte<\/li><li><strong>odkazy na videa<\/strong> zprost\u0159edkuj\u00edc\u00ed d\u016fle\u017eit\u00e9 informace sm\u011brem k rodi\u010d\u016fm \u010di t\u00fdkaj\u00edc\u00ed se pro\u017e\u00edv\u00e1n\u00ed d\u011bt\u00ed:<ul><li>APEL na rodi\u010de na DVTV: <a href=\"https:\/\/video.aktualne.cz\/dvtv\/deseti-tisicum-deti-rocne-se-rozpada-rodina-rozvod-zvladnou\/r~cd09ae2e746b11e882090cc47ab5f122\/\" target=\"_blank\" rel=\"noreferrer noopener\">https:\/\/video.aktualne.cz\/dvtv\/deseti-tisicum-deti-rocne-se-rozpada-rodina-rozvod-zvladnou\/r~cd09ae2e746b11e882090cc47ab5f122\/<\/a><\/li><li>video o pr\u016fb\u011bhu interdisciplin\u00e1rn\u00ed spolupr\u00e1ce: <a href=\"https:\/\/www.cochem.cz\/wordpress\/o-cochemske-praxi\/\" target=\"_blank\" rel=\"noreferrer noopener\">https:\/\/www.cochem.cz\/wordpress\/o-cochemske-praxi\/<\/a><\/li><li>video pro d\u011bti p\u0159edstavuj\u00edc\u00ed roli kolizn\u00edho opatrovn\u00edka:<br>Pro d\u011bti: Kdo je kolizn\u00ed opatrovn\u00edk. <a href=\"https:\/\/www.youtube.com\/watch?v=cHw1A8z36Ac\" target=\"_blank\" rel=\"noreferrer noopener\">https:\/\/www.youtube.com\/watch?v=cHw1A8z36Ac<\/a><br>Pro rodi\u010de: Jakou roli v \u0159\u00edzen\u00ed m\u00e1 kolizn\u00ed opatrovn\u00edk. <a href=\"https:\/\/www.youtube.com\/watch?v=8trzeHWgRKI\" target=\"_blank\" rel=\"noreferrer noopener\">https:\/\/www.youtube.com\/watch?v=8trzeHWgRKI<\/a><\/li><li>video zprost\u0159edkuj\u00edc\u00ed pro\u017e\u00edv\u00e1n\u00ed d\u011bt\u00ed \u2013 \u017eidli\u010dkov\u00e1 metoda: <a href=\"https:\/\/www.espediente.cz\/pripravili-jsme-pro-vas\/zidlickova-metoda\/\" target=\"_blank\" rel=\"noreferrer noopener\">https:\/\/www.espediente.cz\/pripravili-jsme-pro-vas\/zidlickova-metoda\/<\/a><\/li><li>video Dohoda je v\u00fdsledkem rodi\u010dovsk\u00e9 zralosti: <a href=\"https:\/\/www.youtube.com\/watch?v=NlXkEMU9vIc&amp;t=17s\" target=\"_blank\" rel=\"noreferrer noopener\">https:\/\/www.youtube.com\/watch?v=NlXkEMU9vIc&amp;t=17s<\/a><\/li><li>video o pro\u017e\u00edv\u00e1n\u00ed d\u00edt\u011bte Ivetka, aneb st\u0159\u00eddav\u00e1 p\u00e9\u010de: <a href=\"https:\/\/www.youtube.com\/watch?v=4VfF3BC-P4A\" target=\"_blank\" rel=\"noreferrer noopener\">https:\/\/www.youtube.com\/watch?v=4VfF3BC-P4A<\/a><\/li><li>webov\u00e1 str\u00e1nka pro d\u011bti: <a href=\"http:\/\/www.pravonarodice.cz\" target=\"_blank\" rel=\"noreferrer noopener\">www.pravonarodice.cz<\/a><\/li><li>atd.<\/li><\/ul><\/li><li><strong>seznam dokument\u016f, kter\u00e9 maj\u00ed rodi\u010de dolo\u017eit k soudu spole\u010dn\u011b s n\u00e1vrhem<\/strong> \u2013 zpravidla se jedn\u00e1 o:<\/li><li>kopii oddac\u00edho listu<\/li><li>kopie rodn\u00fdch list\u016f d\u011bt\u00ed (vhodn\u00e9 je, aby rodi\u010de s sebou k soudu vzali origin\u00e1ly rodn\u00fdch a oddac\u00edho listu pro p\u0159\u00edpad, \u017ee by si to soud cht\u011bl p\u0159\u00edmo u jedn\u00e1n\u00ed ov\u011b\u0159it nahl\u00e9dnut\u00edm do origin\u00e1l\u016f)<\/li><li>u zam\u011bstnanc\u016f potvrzen\u00ed o v\u00fd\u0161i p\u0159\u00edjm\u016f za uzav\u0159en\u00e9 obdob\u00ed \u2013 tzn. za lo\u0148sk\u00fd rok a za aktu\u00e1ln\u00ed rok, u OSV\u010c p\u0159izn\u00e1n\u00ed k dani z p\u0159\u00edjm\u016f za posledn\u00ed kalend\u00e1\u0159n\u00ed rok<\/li><li>potvrzen\u00ed \u00fa\u0159adu pr\u00e1ce, \u017ee je rodi\u010d veden v evidenci uchaze\u010d\u016f o zam\u011bstn\u00e1n\u00ed a o vypl\u00e1cen\u00e9m hmotn\u00e9m zabezpe\u010den\u00ed<\/li><li>potvrzen\u00ed o d\u00e1vk\u00e1ch st\u00e1tn\u00ed soci\u00e1ln\u00ed podpory a hmotn\u00e9 nouze, d\u00e1vk\u00e1ch nemocensk\u00e9ho poji\u0161t\u011bn\u00ed<\/li><li>potvrzen\u00ed o v\u00fd\u0161i jak\u00e9hokoliv d\u016fchodu<\/li><li><strong>kontakty na pomocn\u00e9 slu\u017eby<\/strong> v\u010detn\u011b kr\u00e1tk\u00e9ho popisu slu\u017eby<\/li><li><strong>rodi\u010dovsk\u00fd pl\u00e1n<\/strong>, kter\u00fd se zam\u011b\u0159uje na jednotliv\u00e9 oblasti p\u00e9\u010de o d\u00edt\u011b, viz kapitola Rodi\u010dovsk\u00fd pl\u00e1n<\/li><li><strong>informace o dostupn\u00fdch vzorech n\u00e1vrh\u016f<\/strong> a jin\u00fdch d\u016fle\u017eit\u00fdch zdroj\u00edch dokument\u016f<\/li><\/ul>\n\n\n\n<p>P\u0159i edukaci jsou vyu\u017e\u00edv\u00e1ny eduka\u010dn\u00ed materi\u00e1ly organizace, kter\u00e1 edukaci poskytuje, v p\u0159\u00edpad\u011b interdisciplin\u00e1rn\u00ed spolupr\u00e1ce pak materi\u00e1ly vytvo\u0159en\u00e9 interdisciplin\u00e1rn\u00edm t\u00fdmem. V r\u00e1mci edukace lze vyu\u017e\u00edt dal\u0161\u00ed materi\u00e1ly \u2013 let\u00e1ky, bro\u017eury, kr\u00e1tk\u00e1 videa, kter\u00e1 byla vytvo\u0159ena na podporu p\u0159i pr\u00e1ci s rodi\u010di v rodi\u010dovsk\u00e9m konfliktu. Mnoho z t\u011bchto materi\u00e1l\u016f je voln\u011b p\u0159\u00edstupn\u00fdch z ve\u0159ejn\u00fdch zdroj\u016f. N\u011bkter\u00e9 z t\u011bchto materi\u00e1l\u016f v\u00fdsti\u017en\u011b shrnuj\u00ed principy v p\u0159\u00edstupu k rodi\u010d\u016fm v rozvodov\u00e9 situaci. Jednodu\u0161e vysv\u011btluj\u00ed postup v r\u00e1mci opatrovnick\u00e9ho \u0159\u00edzen\u00ed a p\u0159\u00edm\u00fd vliv rodi\u010d\u016f na jeho pr\u016fb\u011bh a d\u00e9lku. Zvy\u0161uj\u00ed tlak na p\u0159evzet\u00ed rodi\u010dovsk\u00e9 odpov\u011bdnosti nebo srozumiteln\u011b a v kr\u00e1tk\u00e9m \u010dase zprost\u0159edkuj\u00ed pro\u017e\u00edv\u00e1n\u00ed d\u00edt\u011bte, jeho ch\u00e1p\u00e1n\u00ed situace a negativn\u00ed dopady rodi\u010dovsk\u00e9ho konfliktu na d\u00edt\u011b.<\/p>\n\n\n\n<p>V r\u00e1mci interdisciplin\u00e1rn\u00ed spolupr\u00e1ce je v\u00fdhodn\u00e9, pokud jsou v\u0161emi zainteresovan\u00fdmi institucemi p\u0159ed\u00e1v\u00e1ny stejn\u00e9 eduka\u010dn\u00ed materi\u00e1ly, nebo\u0165 se t\u00edm v rodi\u010d\u00edch utvrzuje dojem jednotn\u00e9ho postupu i d\u016fle\u017eitost p\u0159ed\u00e1van\u00fdch informac\u00ed. V r\u00e1mci spolupr\u00e1ce mohou b\u00fdt dohodnuty i dal\u0161\u00ed materi\u00e1ly, kter\u00e9 jsou standardn\u011b rodi\u010d\u016fm v r\u00e1mci edukace p\u0159ed\u00e1v\u00e1ny \u2013 nap\u0159. let\u00e1ky pro d\u011bti, kter\u00e9 mohou d\u011bti rovn\u011b\u017e vhodn\u00fdm zp\u016fsobem, srozumiteln\u011b s ohledem na jejich v\u011bk informovat o pr\u016fb\u011bhu soudn\u00edho \u0159\u00edzen\u00ed, roli jednotliv\u00fdch subjekt\u016f, pr\u00e1vech d\u00edt\u011bte ve vztahu k aktu\u00e1ln\u00ed situaci atd. Jako inspirace takov\u00fdch informa\u010dn\u00edch materi\u00e1l\u016f pro d\u011bti mohou slou\u017eit nap\u0159. materi\u00e1ly ze soudn\u00edch region\u016f Nov\u00fd Ji\u010d\u00edn<a href=\"#_ftn3\" id=\"_ftnref3\"><sup>[3]<\/sup><\/a> a Most<a href=\"#_ftn4\" id=\"_ftnref4\"><sup>[4]<\/sup><\/a> nebo \u00da\u0159adu pro mezin\u00e1rodn\u011bpr\u00e1vn\u00ed ochranu d\u011bt\u00ed<a href=\"#_ftn5\" id=\"_ftnref5\"><sup>[5]<\/sup><\/a>.<\/p>\n\n\n\n<p>N\u011bkter\u00e9 materi\u00e1ly, kter\u00e9 rodi\u010d\u016fm p\u0159ed\u00e1v\u00e1me lze tak\u00e9 pou\u017e\u00edt p\u0159\u00edmo v r\u00e1mci poskytovan\u00e9 edukace. Je d\u016fle\u017eit\u00e9 m\u00edt na pam\u011bti, \u017ee se rodi\u010de v situaci rozvodu ocitaj\u00ed v krizov\u00e9 \u017eivotn\u00ed situaci. Jejich kapacita a schopnost vn\u00edmat a p\u0159ij\u00edmat poskytovan\u00e9 informace m\u016f\u017ee b\u00fdt sn\u00ed\u017een\u00e1, proto je d\u016fle\u017eit\u00e9 umo\u017enit rodi\u010d\u016fm opakovan\u00e9 shl\u00e9dnut\u00ed \u010di p\u0159e\u010dten\u00ed.<\/p>\n\n\n\n<p>Pr\u00e1v\u011b tyto materi\u00e1ly umo\u017e\u0148uj\u00ed dostat se k rodi\u010d\u016fm bl\u00ed\u017ee, dotknout se jejich konkr\u00e9tn\u00ed situace, ani\u017e bychom o n\u00ed prozat\u00edm v\u00edce v\u011bd\u011bli. Zam\u011b\u0159it jejich pozornost na sv\u00e9 d\u00edt\u011b. N\u011bkdy jsou v edukaci pou\u017e\u00edv\u00e1ny za \u00fa\u010delem odleh\u010den\u00ed konfliktn\u00ed situace nebo k jasn\u00e9 deklaraci postoje toho, kdo edukaci poskytuje. Tedy v souladu s ji\u017e zmi\u0148ovan\u00fdmi principy.<\/p>\n\n\n\n<hr class=\"wp-block-separator has-css-opacity\"\/>\n\n\n\n<p><a href=\"#_ftnref1\" id=\"_ftn1\"><sup>[1]<\/sup><\/a> viz p\u0159\u00edloha metodiky<\/p>\n\n\n\n<p><a id=\"_ftn2\" href=\"#_ftnref2\"><sup>[2]<\/sup><\/a> ke sta\u017een\u00ed: <a href=\"https:\/\/www.espediente.cz\/wp-content\/uploads\/2019\/09\/rodice_nerozvadejte_se_s_nami_plakat.pdf?x73457\" target=\"_blank\" rel=\"noreferrer noopener\">https:\/\/www.espediente.cz\/wp-content\/uploads\/2019\/09\/rodice_nerozvadejte_se_s_nami_plakat.pdf?x73457<\/a><\/p>\n\n\n\n<p><a id=\"_ftn3\" href=\"#_ftnref3\"><sup>[3]<\/sup><\/a> Dostupn\u00e9 z: <a href=\"https:\/\/www.justice.cz\/documents\/40329\/1834032\/Kolizn%C3%AD+opatrovn%C3%ADk+-+bro%C5%BEura+pro+d%C3%ADt%C4%9B\/e449d871-2be4-4a02-ac69-4aae1345e86d\" target=\"_blank\" rel=\"noreferrer noopener\">https:\/\/www.justice.cz\/documents\/40329\/1834032\/Kolizn%C3%AD+opatrovn%C3%ADk+-+bro\u017eura+pro+d%C3%ADt\u011b\/e449d871-2be4-4a02-ac69-4aae1345e86d<\/a><\/p>\n\n\n\n<p><a id=\"_ftn4\" href=\"#_ftnref4\"><sup>[4]<\/sup><\/a> Dostupn\u00e9 z: <a href=\"https:\/\/www.justice.cz\/documents\/39209\/1040655\/Moje+rodina+se+m%C4%9Bn%C3%AD+kone%C4%8Dn%C3%A1+verze.pdf\/2b94bd6a-6029-4c68-abf8-84a5f2c763c9\" target=\"_blank\" rel=\"noreferrer noopener\">https:\/\/www.justice.cz\/documents\/39209\/1040655\/Moje+rodina+se+m\u011bn%C3%AD+kone\u010dn\u00e1+verze.pdf\/2b94bd6a-6029-4c68-abf8-84a5f2c763c9<\/a><\/p>\n\n\n\n<p><a id=\"_ftn5\" href=\"#_ftnref5\"><sup>[5]<\/sup><\/a> Dostupn\u00e9 z: <a href=\"https:\/\/kids.umpod.cz\" target=\"_blank\" rel=\"noreferrer noopener\">https:\/\/kids.umpod.cz<\/a><\/p>\n\n\n\n<div style=\"height:50px\" aria-hidden=\"true\" class=\"wp-block-spacer\"><\/div>\n\n\n\n<hr class=\"wp-block-separator has-text-color has-css-opacity has-background alignwide is-style-wide\" style=\"background-color:#eac323;color:#eac323\"\/>\n\n\n\n<div style=\"height:30px\" aria-hidden=\"true\" class=\"wp-block-spacer\"><\/div>\n\n\n\n<div class=\"wp-block-buttons alignwide is-content-justification-center is-layout-flex wp-container-core-buttons-is-layout-a89b3969 wp-block-buttons-is-layout-flex\">\n<div class=\"wp-block-button\"><a class=\"wp-block-button__link\" href=\"https:\/\/edukace.cochem.cz\/?page_id=237\">&lt;&lt; <strong>Informace o slu\u017eb\u00e1ch pom\u00e1haj\u00edc\u00edch profes\u00ed<\/strong><\/a><\/div>\n\n\n\n<div class=\"wp-block-button\"><a class=\"wp-block-button__link\" href=\"https:\/\/edukace.cochem.cz\/?page_id=241\"><strong>Rodi\u010dovsk\u00fd pl\u00e1n<\/strong> &gt;&gt;<\/a><\/div>\n<\/div>\n","protected":false},"excerpt":{"rendered":"<p>V r\u00e1mci edukace jsou rodi\u010d\u016fm p\u0159ed\u00e1ny eduka\u010dn\u00ed materi\u00e1ly: let\u00e1k pro rodi\u010de, jeho\u017e sou\u010d\u00e1st\u00ed mohou b\u00fdt z\u00e1kladn\u00ed informace t\u00fdkaj\u00edc\u00ed se pr\u016fb\u011bhu edukace, pr\u016fb\u011bhu soudn\u00edho \u0159\u00edzen\u00ed, informace o pot\u0159eb\u00e1ch d\u011bt\u00ed v rozpadu sou\u017eit\u00ed rodi\u010d\u016f, dopady rodi\u010dovsk\u00e9ho konfliktu na d\u011bti, kontakty na zainteresovan\u00e9 instituce a pom\u00e1haj\u00edc\u00ed profese 20 p\u0159\u00e1n\u00ed d\u011bt\u00ed v rozvodov\u00e9 situaci[1] (pokud nejsou na let\u00e1ku) event. [&hellip;]<\/p>\n","protected":false},"author":1,"featured_media":0,"parent":278,"menu_order":0,"comment_status":"closed","ping_status":"closed","template":"","meta":{"site-sidebar-layout":"default","site-content-layout":"","ast-site-content-layout":"","site-content-style":"default","site-sidebar-style":"default","ast-global-header-display":"","ast-banner-title-visibility":"","ast-main-header-display":"","ast-hfb-above-header-display":"","ast-hfb-below-header-display":"","ast-hfb-mobile-header-display":"","site-post-title":"","ast-breadcrumbs-content":"","ast-featured-img":"","footer-sml-layout":"","theme-transparent-header-meta":"","adv-header-id-meta":"","stick-header-meta":"","header-above-stick-meta":"","header-main-stick-meta":"","header-below-stick-meta":"","astra-migrate-meta-layouts":"default","ast-page-background-enabled":"default","ast-page-background-meta":{"desktop":{"background-color":"var(--ast-global-color-4)","background-image":"","background-repeat":"repeat","background-position":"center center","background-size":"auto","background-attachment":"scroll","background-type":"","background-media":"","overlay-type":"","overlay-color":"","overlay-opacity":"","overlay-gradient":""},"tablet":{"background-color":"","background-image":"","background-repeat":"repeat","background-position":"center center","background-size":"auto","background-attachment":"scroll","background-type":"","background-media":"","overlay-type":"","overlay-color":"","overlay-opacity":"","overlay-gradient":""},"mobile":{"background-color":"","background-image":"","background-repeat":"repeat","background-position":"center center","background-size":"auto","background-attachment":"scroll","background-type":"","background-media":"","overlay-type":"","overlay-color":"","overlay-opacity":"","overlay-gradient":""}},"ast-content-background-meta":{"desktop":{"background-color":"var(--ast-global-color-5)","background-image":"","background-repeat":"repeat","background-position":"center center","background-size":"auto","background-attachment":"scroll","background-type":"","background-media":"","overlay-type":"","overlay-color":"","overlay-opacity":"","overlay-gradient":""},"tablet":{"background-color":"var(--ast-global-color-5)","background-image":"","background-repeat":"repeat","background-position":"center center","background-size":"auto","background-attachment":"scroll","background-type":"","background-media":"","overlay-type":"","overlay-color":"","overlay-opacity":"","overlay-gradient":""},"mobile":{"background-color":"var(--ast-global-color-5)","background-image":"","background-repeat":"repeat","background-position":"center center","background-size":"auto","background-attachment":"scroll","background-type":"","background-media":"","overlay-type":"","overlay-color":"","overlay-opacity":"","overlay-gradient":""}},"footnotes":""},"class_list":["post-239","page","type-page","status-publish","hentry"],"_links":{"self":[{"href":"https:\/\/edukace.cochem.cz\/index.php?rest_route=\/wp\/v2\/pages\/239","targetHints":{"allow":["GET"]}}],"collection":[{"href":"https:\/\/edukace.cochem.cz\/index.php?rest_route=\/wp\/v2\/pages"}],"about":[{"href":"https:\/\/edukace.cochem.cz\/index.php?rest_route=\/wp\/v2\/types\/page"}],"author":[{"embeddable":true,"href":"https:\/\/edukace.cochem.cz\/index.php?rest_route=\/wp\/v2\/users\/1"}],"replies":[{"embeddable":true,"href":"https:\/\/edukace.cochem.cz\/index.php?rest_route=%2Fwp%2Fv2%2Fcomments&post=239"}],"version-history":[{"count":3,"href":"https:\/\/edukace.cochem.cz\/index.php?rest_route=\/wp\/v2\/pages\/239\/revisions"}],"predecessor-version":[{"id":426,"href":"https:\/\/edukace.cochem.cz\/index.php?rest_route=\/wp\/v2\/pages\/239\/revisions\/426"}],"up":[{"embeddable":true,"href":"https:\/\/edukace.cochem.cz\/index.php?rest_route=\/wp\/v2\/pages\/278"}],"wp:attachment":[{"href":"https:\/\/edukace.cochem.cz\/index.php?rest_route=%2Fwp%2Fv2%2Fmedia&parent=239"}],"curies":[{"name":"wp","href":"https:\/\/api.w.org\/{rel}","templated":true}]}}