{"id":235,"date":"2022-03-24T13:03:58","date_gmt":"2022-03-24T13:03:58","guid":{"rendered":"https:\/\/edukace.cochem.cz\/?page_id=235"},"modified":"2022-09-05T10:46:42","modified_gmt":"2022-09-05T10:46:42","slug":"slyseni-ditete-u-soudu-jako-soucast-participace","status":"publish","type":"page","link":"https:\/\/edukace.cochem.cz\/?page_id=235","title":{"rendered":"Sly\u0161en\u00ed d\u00edt\u011bte u soudu jako sou\u010d\u00e1st participace"},"content":{"rendered":"\n<p>D\u00edt\u011b je stejn\u011b jako jeho rodi\u010de \u00fa\u010dastn\u00edkem \u0159\u00edzen\u00ed. Z \u00fa\u010dasti na \u0159\u00edzen\u00ed mu vypl\u00fdvaj\u00ed pr\u00e1va a povinnosti. Povinnosti pln\u00ed za d\u00edt\u011b jeho z\u00e1stupce v \u0159\u00edzen\u00ed, kolizn\u00ed opatrovn\u00edk, kter\u00e9ho jmenuje soud. Jak ji\u017e bylo v\u00fd\u0161e uvedeno, zpravidla to b\u00fdv\u00e1 OSPOD.<\/p>\n\n\n\n<p>V souvislosti s pr\u00e1vy d\u00edt\u011bte hovo\u0159\u00edme o jeho <strong>participa\u010dn\u00edch pr\u00e1vech<\/strong>, kter\u00e1 maj\u00ed sv\u016fj pr\u00e1vn\u00ed z\u00e1klad v \u010dl\u00e1nku 12 \u00damluvy o pr\u00e1vech d\u00edt\u011bte. Obecn\u011b se jedn\u00e1 o pr\u00e1va souvisej\u00edc\u00ed s \u201eaktivn\u00ed \u00fa\u010dast\u00ed\u201c d\u00edt\u011bte v \u0159\u00edzen\u00ed, kter\u00e9 m\u00e1 b\u00fdt skute\u010dn\u00fdm subjektem, nikoliv objektem \u0159\u00edzen\u00ed. <strong>D\u00edt\u011b m\u00e1 pr\u00e1vo svobodn\u011b vyjad\u0159ovat a sd\u011blovat sv\u00e9 n\u00e1zory ve v\u0161ech z\u00e1le\u017eitostech, kter\u00e9 se ho dot\u00fdkaj\u00ed. M\u011blo by b\u00fdt vysly\u0161eno v ka\u017ed\u00e9m soudn\u00edm nebo spr\u00e1vn\u00edm \u0159\u00edzen\u00ed, kter\u00e9 se ho dot\u00fdk\u00e1 a\u0165 u\u017e p\u0159\u00edmo nebo prost\u0159ednictv\u00edm z\u00e1stupce.<\/strong> Zp\u016fsob sly\u0161en\u00ed mus\u00ed b\u00fdt v souladu s procedur\u00e1ln\u00edmi pravidly n\u00e1rodn\u00ed legislativy. Pr\u00e1va d\u00edt\u011bte v \u0159\u00edzen\u00ed jsou d\u00e1le rozvedena v Evropsk\u00e9 \u00famluv\u011b o v\u00fdkonu pr\u00e1v d\u011bt\u00ed (<strong>Sb\u00edrka:<\/strong> 54\/2001 Sb.m.s. | <strong>\u010c\u00e1stka:<\/strong> 21\/2001) ve \u010dl. 3: <\/p>\n\n\n\n<blockquote class=\"wp-block-quote is-layout-flow wp-block-quote-is-layout-flow\"><p>D\u00edt\u011b, kter\u00e9 m\u00e1 podle vnitrost\u00e1tn\u00edch p\u0159edpis\u016f dostate\u010dnou schopnost ch\u00e1pat situaci, bude m\u00edt v soudn\u00edm \u0159\u00edzen\u00ed, kter\u00e9 se jej t\u00fdk\u00e1, zaru\u010dena n\u00e1sleduj\u00edc\u00ed pr\u00e1va nebo bude m\u00edt mo\u017enost se t\u011bchto pr\u00e1v dom\u00e1hat:<\/p><p>\u2022 dost\u00e1vat p\u0159\u00edslu\u0161n\u00e9 informace,<br>\u2022 b\u00fdt konzultov\u00e1no a moc vyj\u00e1d\u0159it sv\u016fj n\u00e1zor,<br>\u2022 b\u00fdt informov\u00e1no o mo\u017en\u00fdch d\u016fsledc\u00edch vyhov\u011bn\u00ed jeho n\u00e1zoru a o mo\u017en\u00fdch d\u016fsledc\u00edch jak\u00e9hokoliv rozhodnut\u00ed.<\/p><\/blockquote>\n\n\n\n<p>Participac\u00ed d\u00edt\u011bte je prim\u00e1rn\u011b my\u0161leno <strong>p\u0159ed\u00e1v\u00e1n\u00ed relevantn\u00edch informac\u00ed d\u00edt\u011bti, na z\u00e1klad\u011b kter\u00fdch si d\u00edt\u011b m\u016f\u017ee utvo\u0159it p\u0159edstavu o situaci<\/strong>. Jak uv\u00e1d\u00ed Pt\u00e1\u010dek (2019), <\/p>\n\n\n\n<blockquote class=\"wp-block-quote is-layout-flow wp-block-quote-is-layout-flow\"><p>\u201eka\u017ed\u00e9 d\u00edt\u011b m\u00e1 p\u0159irozenou pot\u0159ebu pod\u00edlet se, v\u011bku odpov\u00eddaj\u00edc\u00edm zp\u016fsobem, na \u00faprav\u011b sv\u00e9ho vlastn\u00edho \u017eivota. N\u011bkdy rodi\u010de \u0159\u00edkaj\u00ed, \u017ee p\u0159ece nemohou nechat rozhodovat d\u011bti. Ale jsou to p\u0159edev\u0161\u00edm ony, kdo mus\u00ed \u017e\u00edt s rozhodnut\u00edm soudu. Nejde o to, nechat d\u011bti rozhodovat, ale vz\u00edt v \u00favahu, co si mysl\u00ed a co cht\u011bj\u00ed\u201c.<\/p><\/blockquote>\n\n\n\n<p>Z v\u00fd\u0161e uveden\u00e9ho je z\u0159ejm\u00e9, \u017ee <strong>mus\u00ed j\u00edt o komplexn\u00ed doprov\u00e1zen\u00ed d\u00edt\u011bte sest\u00e1vaj\u00edc\u00ed \u010dasto z n\u011bkolika setk\u00e1n\u00ed s d\u00edt\u011btem<\/strong> za \u00fa\u010delem bli\u017e\u0161\u00edho pozn\u00e1n\u00ed d\u00edt\u011bte a jeho situace, navozen\u00ed d\u016fv\u011bry a bezpe\u010d\u00ed a mo\u017enosti d\u00edt\u011bti systematicky s ohledem na jeho v\u011bk a p\u0159\u00e1n\u00ed sd\u011blovat podstatn\u00e9 informace jazykem, kter\u00e9mu d\u00edt\u011b rozum\u00ed. Sly\u0161en\u00ed u soudu je pak jednou z cel\u00e9 \u0159ady t\u00e9to intervenc\u00ed. V\u00fdznamnou roli zde hraje kolizn\u00ed opatrovn\u00edk a soudkyn\u011b nebo soudce samotn\u00ed.<\/p>\n\n\n\n<p>Je velmi d\u016fle\u017eit\u00e9, aby d\u00edt\u011b v\u011bd\u011blo, \u017ee se sly\u0161en\u00ed m\u016f\u017ee \u00fa\u010dastnit a m\u00e1 pr\u00e1vo vyslovit p\u0159ed soudem sv\u016fj n\u00e1zor a p\u0159\u00e1n\u00ed. Na druh\u00e9 stran\u011b mus\u00ed tak\u00e9 v\u011bd\u011bt, \u017ee sv\u016fj n\u00e1zor a p\u0159\u00e1n\u00ed sd\u011blovat nemus\u00ed a je t\u0159eba, aby rozum\u011blo d\u016fsledk\u016fm sv\u00e9 ne\/\u00fa\u010dasti.<\/p>\n\n\n\n<p>Pokud vyj\u00e1d\u0159\u00ed p\u0159\u00e1n\u00ed, \u017ee se se soudcem setkat nechce, je \u00fakolem kolizn\u00edho opatrovn\u00edka komunikovat soudci rozhodnut\u00ed d\u00edt\u011bte a podpo\u0159it d\u00edt\u011b v jeho p\u0159\u00e1n\u00ed. Vysv\u011btl\u00ed, \u017ee m\u016f\u017ee n\u00e1zor a p\u0159\u00e1n\u00ed d\u00edt\u011bte zprost\u0159edkovat a zahrnout jej do zpr\u00e1vy, kterou bude soudu p\u0159edkl\u00e1dat a kter\u00e1 bude obsahovat dal\u0161\u00ed informace, nap\u0159. o pot\u0159eb\u00e1ch a pro\u017e\u00edv\u00e1n\u00ed d\u00edt\u011bte, jeho moment\u00e1ln\u00ed situaci a pot\u0159eb\u00e1ch do budoucna a n\u00e1vrh uspo\u0159\u00e1d\u00e1n\u00ed p\u00e9\u010de o d\u00edt\u011b po rozvodu, kter\u00fd zohledn\u00ed tak\u00e9 poznatky kolizn\u00edho opatrovn\u00edka ze setk\u00e1n\u00ed a rozhovoru\/\u016f s jeho rodi\u010di. Bude tedy vych\u00e1zet z komplexn\u00edho pozn\u00e1n\u00ed d\u00edt\u011bte, jeho situace, soci\u00e1ln\u00edho kontextu a zku\u0161enost\u00ed z interakc\u00ed mezi d\u00edt\u011btem a rodi\u010di.<\/p>\n\n\n\n<p>V p\u0159\u00edpad\u011b, \u017ee se d\u00edt\u011b bude cht\u00edt se soudcem setkat, je d\u016fle\u017eit\u00e9, aby kolizn\u00ed opatrovn\u00edk poskytl d\u00edt\u011bti pot\u0159ebnou oporu. Zajistil, aby d\u00edt\u011b dostalo na za\u010d\u00e1tku v\u0161echny relevantn\u00ed informace, nap\u0159. \u017ee v\u0161e, co d\u00edt\u011b soudci sd\u011bl\u00ed, se dozv\u011bd\u00ed tak\u00e9 rodi\u010de. D\u00edt\u011b by m\u011blo jasn\u011b rozum\u011bt tomu, \u017ee m\u016f\u017ee odm\u00edtnout na n\u011bjakou ot\u00e1zku odpov\u011bd\u011bt nebo m\u016f\u017ee \u0159\u00edci \u010di jinak d\u00e1t najevo, \u017ee si p\u0159eje setk\u00e1n\u00ed se soudcem ukon\u010dit. Vhodn\u00e9 je domluvit s d\u00edt\u011btem komunika\u010dn\u00ed (i neverb\u00e1ln\u00ed strategii), kter\u00e1 mu umo\u017en\u00ed signalizovat kolizn\u00edmu opatrovn\u00edkovi, \u017ee u\u017e se nec\u00edt\u00ed dob\u0159e nebo v bezpe\u010d\u00ed. Pro v\u00edce informac\u00ed lze uv\u00e9st odkaz na dobrou praxi \u00da\u0159adu pro mezin\u00e1rodn\u011b-pr\u00e1vn\u00ed ochranu d\u011bt\u00ed (\u00daMPOD)<a href=\"#_ftn1\" id=\"_ftnref1\"><sup>[1]<\/sup><\/a>.<\/p>\n\n\n\n<p>Za velmi d\u016fle\u017eit\u00e9 pova\u017eujeme uv\u00e9st, \u017ee participa\u010dn\u00ed pr\u00e1va d\u011bt\u00ed by m\u011bla b\u00fdt p\u0159edev\u0161\u00edm v nab\u00eddce a mo\u017enostech vyj\u00e1d\u0159en\u00ed, aktivn\u00ed spolu\u00fa\u010dasti na \u0159e\u0161en\u00ed sv\u00e9 situace, nem\u011bla by b\u00fdt v \u017e\u00e1dn\u00e9m p\u0159\u00edpad\u011b napl\u0148ov\u00e1na skrze pot\u0159eby kolizn\u00edho opatrovn\u00edka (zjistit a zprost\u0159edkovat p\u0159\u00e1n\u00ed a n\u00e1zor d\u00edt\u011bte a formulovat jeho nejlep\u0161\u00ed z\u00e1jem) nebo soudu (spln\u011bn\u00ed doporu\u010den\u00ed, sly\u0161et d\u011bti v soudn\u00edch \u0159\u00edzen\u00edch, kter\u00e1 se jich t\u00fdkaj\u00ed).<\/p>\n\n\n\n<p><strong>St\u00e1le v\u0161ak plat\u00ed, \u017ee prov\u00e9st d\u00edt\u011b situac\u00ed rozchodu \u010di rozvodu by m\u011bli p\u0159edev\u0161\u00edm rodi\u010de d\u00edt\u011bte. <\/strong>Pokud jsou tito ve vz\u00e1jemn\u00e9 shod\u011b, je v\u017edy t\u0159eba zva\u017eovat, do jak\u00e9 m\u00edry do \u0159e\u0161en\u00ed situace zapojovat d\u00edt\u011b. Nicm\u00e9n\u011b v\u017edy by m\u011blo d\u00edt\u011b dostat pot\u0159ebn\u00e9 informace a nab\u00eddku, aby se zapojit mohlo. Jak ji\u017e bylo uvedeno, prim\u00e1rn\u011b jsou to rodi\u010de, kte\u0159\u00ed jsou nositel\u00e9 rodi\u010dovsk\u00e9 odpov\u011bdnosti a jako takov\u00ed jsou i zodpov\u011bdn\u00ed za napl\u0148ov\u00e1n\u00ed pot\u0159eb a pr\u00e1v sv\u00e9ho d\u00edt\u011bte v\u010detn\u011b pr\u00e1va na d\u016fle\u017eit\u00e9 informace, kter\u00e9 se dot\u00fdkaj\u00ed jeho \u017eivota. V souladu se z\u00e1sadou minimalizace z\u00e1sahu st\u00e1tu do rodinn\u00e9ho \u017eivota teprve v p\u0159\u00edpad\u011b, \u017ee rodi\u010de nejsou schopni pr\u00e1va\/pot\u0159eby sv\u00e9ho d\u00edt\u011bte naplnit, vstupuj\u00ed do \u0159e\u0161en\u00ed dal\u0161\u00ed instituce. M\u00edra jejich ingerence do rodiny by pak m\u011bla b\u00fdt p\u0159\u00edmo \u00fam\u011brn\u00e1 tomu, jak rodi\u010de selh\u00e1vaj\u00ed p\u0159i napl\u0148ov\u00e1n\u00ed pr\u00e1v\/pot\u0159eb d\u011bt\u00ed.<\/p>\n\n\n\n<p>Z\u00e1rove\u0148 je pot\u0159eba zd\u016fraznit, \u017ee <strong>sly\u0161en\u00ed d\u00edt\u011bte je jeho pr\u00e1vem nikoliv povinnost\u00ed<\/strong>, a jako takov\u00e9 <strong>nem\u016f\u017ee b\u00fdt na d\u00edt\u011bti zainteresovan\u00fdmi institucemi vym\u00e1h\u00e1no<\/strong>. M\u016f\u017ee se ale st\u00e1t, \u017ee rodi\u010de toto pr\u00e1vo sv\u00e9mu rodi\u010di up\u0159ou t\u00edm, \u017ee mu sami pot\u0159ebn\u00e9 informace nesd\u011bl\u00ed a z\u00e1rove\u0148 odm\u00edtnou spolupr\u00e1ci s org\u00e1nem soci\u00e1ln\u011b-pr\u00e1vn\u00ed ochrany d\u011bt\u00ed. Nicm\u00e9n\u011b realizace participace d\u00edt\u011bte nen\u00ed p\u0159edm\u011btem edukace ani dal\u0161\u00edch forem odborn\u00e9 pomoci poskytovan\u00e9 v r\u00e1mci n\u00e1vazn\u00fdch slu\u017eeb.<\/p>\n\n\n\n<hr class=\"wp-block-separator has-css-opacity\"\/>\n\n\n\n<p><a id=\"_ftn1\" href=\"#_ftnref1\"><sup>[1]<\/sup><\/a> Dostupn\u00e9 z: <a href=\"https:\/\/www.umpod.cz\/fileadmin\/user_upload\/Realizovane_PROJEKTY\/3_Participacni_projekt\/Interni_provozne_metodicka_cinnost\/Strategie_participace_ditete_v_agendach_UMPOD__1_.pdf\" target=\"_blank\" rel=\"noreferrer noopener\">https:\/\/www.umpod.cz\/fileadmin\/user_upload\/Realizovane_PROJEKTY\/3_Participacni_projekt\/Interni_provozne_metodicka_cinnost\/Strategie_participace_ditete_v_agendach_UMPOD__1_.pdf<\/a><\/p>\n\n\n\n<div style=\"height:50px\" aria-hidden=\"true\" class=\"wp-block-spacer\"><\/div>\n\n\n\n<hr class=\"wp-block-separator has-text-color has-css-opacity has-background alignwide is-style-wide\" style=\"background-color:#eac323;color:#eac323\"\/>\n\n\n\n<div style=\"height:30px\" aria-hidden=\"true\" class=\"wp-block-spacer\"><\/div>\n\n\n\n<div class=\"wp-block-buttons alignwide is-content-justification-center is-layout-flex wp-container-core-buttons-is-layout-a89b3969 wp-block-buttons-is-layout-flex\">\n<div class=\"wp-block-button\"><a class=\"wp-block-button__link\" href=\"https:\/\/edukace.cochem.cz\/?page_id=233\">&lt;&lt; <strong>Role a \u00faloha soudu a jeho pracovn\u00edk\u016f<\/strong><\/a><\/div>\n\n\n\n<div class=\"wp-block-button\"><a class=\"wp-block-button__link\" href=\"https:\/\/edukace.cochem.cz\/?page_id=237\"><strong>Informace o slu\u017eb\u00e1ch pom\u00e1haj\u00edc\u00edch profes\u00ed<\/strong> &gt;&gt;<\/a><\/div>\n<\/div>\n","protected":false},"excerpt":{"rendered":"<p>D\u00edt\u011b je stejn\u011b jako jeho rodi\u010de \u00fa\u010dastn\u00edkem \u0159\u00edzen\u00ed. Z \u00fa\u010dasti na \u0159\u00edzen\u00ed mu vypl\u00fdvaj\u00ed pr\u00e1va a povinnosti. Povinnosti pln\u00ed za d\u00edt\u011b jeho z\u00e1stupce v \u0159\u00edzen\u00ed, kolizn\u00ed opatrovn\u00edk, kter\u00e9ho jmenuje soud. Jak ji\u017e bylo v\u00fd\u0161e uvedeno, zpravidla to b\u00fdv\u00e1 OSPOD. V souvislosti s pr\u00e1vy d\u00edt\u011bte hovo\u0159\u00edme o jeho participa\u010dn\u00edch pr\u00e1vech, kter\u00e1 maj\u00ed sv\u016fj pr\u00e1vn\u00ed z\u00e1klad v [&hellip;]<\/p>\n","protected":false},"author":1,"featured_media":0,"parent":58,"menu_order":0,"comment_status":"closed","ping_status":"closed","template":"","meta":{"site-sidebar-layout":"default","site-content-layout":"","ast-site-content-layout":"","site-content-style":"default","site-sidebar-style":"default","ast-global-header-display":"","ast-banner-title-visibility":"","ast-main-header-display":"","ast-hfb-above-header-display":"","ast-hfb-below-header-display":"","ast-hfb-mobile-header-display":"","site-post-title":"","ast-breadcrumbs-content":"","ast-featured-img":"","footer-sml-layout":"","theme-transparent-header-meta":"","adv-header-id-meta":"","stick-header-meta":"","header-above-stick-meta":"","header-main-stick-meta":"","header-below-stick-meta":"","astra-migrate-meta-layouts":"default","ast-page-background-enabled":"default","ast-page-background-meta":{"desktop":{"background-color":"var(--ast-global-color-4)","background-image":"","background-repeat":"repeat","background-position":"center center","background-size":"auto","background-attachment":"scroll","background-type":"","background-media":"","overlay-type":"","overlay-color":"","overlay-opacity":"","overlay-gradient":""},"tablet":{"background-color":"","background-image":"","background-repeat":"repeat","background-position":"center center","background-size":"auto","background-attachment":"scroll","background-type":"","background-media":"","overlay-type":"","overlay-color":"","overlay-opacity":"","overlay-gradient":""},"mobile":{"background-color":"","background-image":"","background-repeat":"repeat","background-position":"center center","background-size":"auto","background-attachment":"scroll","background-type":"","background-media":"","overlay-type":"","overlay-color":"","overlay-opacity":"","overlay-gradient":""}},"ast-content-background-meta":{"desktop":{"background-color":"var(--ast-global-color-5)","background-image":"","background-repeat":"repeat","background-position":"center center","background-size":"auto","background-attachment":"scroll","background-type":"","background-media":"","overlay-type":"","overlay-color":"","overlay-opacity":"","overlay-gradient":""},"tablet":{"background-color":"var(--ast-global-color-5)","background-image":"","background-repeat":"repeat","background-position":"center center","background-size":"auto","background-attachment":"scroll","background-type":"","background-media":"","overlay-type":"","overlay-color":"","overlay-opacity":"","overlay-gradient":""},"mobile":{"background-color":"var(--ast-global-color-5)","background-image":"","background-repeat":"repeat","background-position":"center center","background-size":"auto","background-attachment":"scroll","background-type":"","background-media":"","overlay-type":"","overlay-color":"","overlay-opacity":"","overlay-gradient":""}},"footnotes":""},"class_list":["post-235","page","type-page","status-publish","hentry"],"_links":{"self":[{"href":"https:\/\/edukace.cochem.cz\/index.php?rest_route=\/wp\/v2\/pages\/235","targetHints":{"allow":["GET"]}}],"collection":[{"href":"https:\/\/edukace.cochem.cz\/index.php?rest_route=\/wp\/v2\/pages"}],"about":[{"href":"https:\/\/edukace.cochem.cz\/index.php?rest_route=\/wp\/v2\/types\/page"}],"author":[{"embeddable":true,"href":"https:\/\/edukace.cochem.cz\/index.php?rest_route=\/wp\/v2\/users\/1"}],"replies":[{"embeddable":true,"href":"https:\/\/edukace.cochem.cz\/index.php?rest_route=%2Fwp%2Fv2%2Fcomments&post=235"}],"version-history":[{"count":4,"href":"https:\/\/edukace.cochem.cz\/index.php?rest_route=\/wp\/v2\/pages\/235\/revisions"}],"predecessor-version":[{"id":421,"href":"https:\/\/edukace.cochem.cz\/index.php?rest_route=\/wp\/v2\/pages\/235\/revisions\/421"}],"up":[{"embeddable":true,"href":"https:\/\/edukace.cochem.cz\/index.php?rest_route=\/wp\/v2\/pages\/58"}],"wp:attachment":[{"href":"https:\/\/edukace.cochem.cz\/index.php?rest_route=%2Fwp%2Fv2%2Fmedia&parent=235"}],"curies":[{"name":"wp","href":"https:\/\/api.w.org\/{rel}","templated":true}]}}