{"id":231,"date":"2022-03-24T13:03:26","date_gmt":"2022-03-24T13:03:26","guid":{"rendered":"https:\/\/edukace.cochem.cz\/?page_id=231"},"modified":"2022-09-05T10:48:01","modified_gmt":"2022-09-05T10:48:01","slug":"zatimni-dohody-a-jejich-vyznam","status":"publish","type":"page","link":"https:\/\/edukace.cochem.cz\/?page_id=231","title":{"rendered":"Zat\u00edmn\u00ed dohody a jejich v\u00fdznam"},"content":{"rendered":"\n<p>B\u011bhem cel\u00e9 spolupr\u00e1ce jsou rodi\u010de zainteresovan\u00fdmi institucemi \u2013 org\u00e1nem soci\u00e1ln\u011b-pr\u00e1vn\u00ed ochrany d\u011bt\u00ed v roli kolizn\u00edho opatrovn\u00edka, soudem, poskytovateli odborn\u00e9 pomoci v p\u0159\u00edpad\u011b, \u017ee se jim neda\u0159\u00ed uzav\u0159\u00edt trvalou dohodu o p\u0159edm\u011btu \u0159\u00edzen\u00ed (tzn. na z\u00e1le\u017eitosti d\u00edt\u011bte, kterou soud v r\u00e1mci prob\u00edhaj\u00edc\u00edho soudn\u00edho \u0159\u00edzen\u00ed \u0159e\u0161\u00ed) \u010di se neshodnou na zaji\u0161t\u011bn\u00ed trval\u00e9 p\u00e9\u010de o d\u00edt\u011b \u2013 <strong>motivov\u00e1n\u00ed k hled\u00e1n\u00ed do\u010dasn\u00fdch \u0159e\u0161en\u00ed, tzn. zat\u00edmn\u00edch dohod<\/strong>.<\/p>\n\n\n\n<p>C\u00edlem t\u011bchto zat\u00edmn\u00edch dohod je zejm\u00e9na <strong>eliminace rizik vypl\u00fdvaj\u00edc\u00edch z p\u0159eru\u0161en\u00ed kontakt\u016f rodi\u010d-d\u00edt\u011b<\/strong>, kdy nejz\u00e1va\u017en\u011bj\u0161\u00edm je naru\u0161en\u00ed vz\u00e1jemn\u00e9ho vztahu. Naru\u0161en\u00fd vztah k jednomu (nebo event. ob\u011bma rodi\u010d\u016f) p\u0159itom m\u016f\u017ee velmi v\u00e1\u017en\u011b ovlivnit nejen aktu\u00e1ln\u00ed psychick\u00fd stav d\u00edt\u011bte, ale t\u00e9\u017e i jeho dal\u0161\u00ed v\u00fdvoj a dosp\u011bl\u00fd \u017eivot \u2013 ve smyslu zv\u00fd\u0161en\u00e9ho v\u00fdskytu du\u0161evn\u00edch pot\u00ed\u017e\u00ed, probl\u00e9m\u016f se soci\u00e1ln\u00ed adaptac\u00ed, navazov\u00e1n\u00edm vztah\u016f a schopnost\u00ed udr\u017eet funk\u010dn\u00ed vztah a rodinu atp. V tomto smyslu je nezbytn\u00e9 mo\u017en\u00e9mu naru\u0161ov\u00e1n\u00ed vztahu mezi d\u00edt\u011btem a rodi\u010dem p\u0159edch\u00e1zet ji\u017e od sam\u00e9ho za\u010d\u00e1tku rozpadu rodiny. P\u0159i\u010dem\u017e jedinou mo\u017enou prevenc\u00ed je vytv\u00e1\u0159en\u00ed ekvivalentn\u00edch mo\u017enost\u00ed rozvoje vztahu d\u00edt\u011bte a rodi\u010de.<a href=\"#_ftn1\" id=\"_ftnref1\"><em><sup><strong><sup>[1]<\/sup><\/strong><\/sup><\/em><\/a><\/p>\n\n\n\n<p>Tyto zat\u00edmn\u00ed dohody, zpravidla t\u00fdkaj\u00edc\u00ed se nastaven\u00ed p\u00e9\u010de o d\u011bti po ur\u010ditou \u010dasov\u011b omezenou dobu, nap\u0159. do p\u0159\u00ed\u0161t\u00edho soudn\u00edho jedn\u00e1n\u00ed, p\u0159\u00ed\u0161t\u00ed konzultace s odborn\u00edky atd., hraj\u00ed velice d\u016fle\u017eitou roli p\u0159i spolupr\u00e1ci s rodi\u010di.<\/p>\n\n\n\n<p>K nejd\u016fle\u017eit\u011bj\u0161\u00edm pat\u0159\u00ed:<\/p>\n\n\n\n<ul class=\"has-background wp-block-list\" style=\"background-color:#ece3c3\"><li><strong>nedojde k p\u0159eru\u0161en\u00ed kontaktu mezi rodi\u010dem a d\u00edt\u011btem a t\u00edm se eliminuje riziko naru\u0161en\u00ed vztahu d\u00edt\u011b-rodi\u010d<\/strong><\/li><li><strong>ji\u017e od po\u010d\u00e1tku rodi\u010d\u016fm ukazuje, \u017ee je \u017e\u00e1douc\u00ed, aby p\u00e9\u010de o d\u00edt\u011b po rozchodu rodi\u010d\u016f byla zaji\u0161t\u011bna ob\u011bma<\/strong><\/li><li><strong>uk\u00e1\u017ee rodi\u010d\u016fm, \u017ee jsou schopni n\u011bjak\u00e9 shody a dohody, by\u0165 d\u00edl\u010d\u00ed, s rodi\u010dem, se kter\u00fdm aktu\u00e1ln\u011b nevych\u00e1z\u00ed a t\u00edm je \u201epovzbud\u00ed\u201c v hled\u00e1n\u00ed dal\u0161\u00edch dohod a trval\u00fdch \u0159e\u0161en\u00ed<\/strong><\/li><li><strong>eliminuje obavy rodi\u010d\u016f, kte\u0159\u00ed jsou \u010dasto na po\u010d\u00e1tku nejist\u00ed, maj\u00ed obavy, jak bude na zm\u011bny reagovat jejich d\u00edt\u011b, a tak se necht\u011bj\u00ed rovnou zav\u00e1zat k trval\u00e9 dohod\u011b, nebo\u0165 pot\u0159ebuj\u00ed \u010das, aby si ov\u011b\u0159ili, jak dohodnut\u00e9 bude fungovat<\/strong><\/li><li><strong>d\u00e1v\u00e1 prostor d\u00edt\u011bti, aby si \u201evyzkou\u0161elo\u201c rodi\u010di dohodnut\u00e1 pravidla<\/strong><\/li><li><strong>ukazuje na kompetence rodi\u010d\u016f v rozpadu sou\u017eit\u00ed \u2013 zda jsou schopni hledat \u0159e\u0161en\u00ed, na tomto s druh\u00fdm rodi\u010dem spolupracovat, dohodnut\u00e9 dodr\u017eet\u2026<\/strong><\/li><li><strong>eliminuje n\u00e1vrhy na vyd\u00e1n\u00ed p\u0159edb\u011b\u017en\u00e9ho opat\u0159en\u00ed ve v\u011bci p\u00e9\u010de o nezletil\u00e9 d\u011bti<\/strong><\/li><\/ul>\n\n\n\n<p>V r\u00e1mci zat\u00edmn\u00edch dohod se nej\u010dast\u011bji, jak ji\u017e bylo uvedeno v\u00fd\u0161e, \u0159e\u0161\u00ed aktu\u00e1ln\u00ed p\u00e9\u010de o d\u011bti, kontakty d\u011bt\u00ed s nereziden\u010dn\u00edm rodi\u010dem, zaji\u0161t\u011bn\u00ed materi\u00e1ln\u00edch pot\u0159eb d\u00edt\u011bte v\u010detn\u011b v\u00fd\u017eivn\u00e9ho ap. V&nbsp;praxi se ukazuje, \u017ee \u010dasto je p\u0159edm\u011btem zat\u00edmn\u00ed dohody i aktu\u00e1ln\u00ed u\u017e\u00edv\u00e1n\u00ed majetku v SJM, zejm\u00e9na spole\u010dn\u00e9 nemovitosti slou\u017e\u00edc\u00ed k bydlen\u00ed.<\/p>\n\n\n\n<hr class=\"wp-block-separator has-css-opacity\"\/>\n\n\n\n<p><a id=\"_ftn1\" href=\"#_ftnref1\"><sup>[1]<\/sup><\/a> Dostupn\u00e9 z: <a href=\"https:\/\/www.nsoud.cz\/judikatura\/ns_web.nsf\/0\/3EBBE747CA2C252FC12584B3002FE076\/$file\/1.%20rodinn%C4%9B_pr%C3%A1vn%C3%AD_sympozium_Justi%C4%8Dn%C3%AD_akademie.pdf\" target=\"_blank\" rel=\"noreferrer noopener\">https:\/\/www.nsoud.cz\/judikatura\/ns_web.nsf\/0\/3EBBE747CA2C252FC12584B3002FE076\/$file\/1.%20rodinn\u011b_pr\u00e1vn%C3%AD_sympozium_Justi\u010dn%C3%AD_akademie.pdf<\/a><\/p>\n\n\n\n<div style=\"height:50px\" aria-hidden=\"true\" class=\"wp-block-spacer\"><\/div>\n\n\n\n<hr class=\"wp-block-separator has-text-color has-css-opacity has-background alignwide is-style-wide\" style=\"background-color:#eac323;color:#eac323\"\/>\n\n\n\n<div style=\"height:30px\" aria-hidden=\"true\" class=\"wp-block-spacer\"><\/div>\n\n\n\n<div class=\"wp-block-buttons alignwide is-content-justification-center is-layout-flex wp-container-core-buttons-is-layout-a89b3969 wp-block-buttons-is-layout-flex\">\n<div class=\"wp-block-button\"><a class=\"wp-block-button__link\" href=\"https:\/\/edukace.cochem.cz\/?page_id=229\">&lt;&lt; <strong>Pr\u016fb\u011bh soudn\u00edho \u0159\u00edzen\u00ed<\/strong><\/a><\/div>\n\n\n\n<div class=\"wp-block-button\"><a class=\"wp-block-button__link\" href=\"https:\/\/edukace.cochem.cz\/?page_id=233\"><strong>Role a \u00faloha soudu a jeho pracovn\u00edk\u016f<\/strong> &gt;&gt;<\/a><\/div>\n<\/div>\n","protected":false},"excerpt":{"rendered":"<p>B\u011bhem cel\u00e9 spolupr\u00e1ce jsou rodi\u010de zainteresovan\u00fdmi institucemi \u2013 org\u00e1nem soci\u00e1ln\u011b-pr\u00e1vn\u00ed ochrany d\u011bt\u00ed v roli kolizn\u00edho opatrovn\u00edka, soudem, poskytovateli odborn\u00e9 pomoci v p\u0159\u00edpad\u011b, \u017ee se jim neda\u0159\u00ed uzav\u0159\u00edt trvalou dohodu o p\u0159edm\u011btu \u0159\u00edzen\u00ed (tzn. na z\u00e1le\u017eitosti d\u00edt\u011bte, kterou soud v r\u00e1mci prob\u00edhaj\u00edc\u00edho soudn\u00edho \u0159\u00edzen\u00ed \u0159e\u0161\u00ed) \u010di se neshodnou na zaji\u0161t\u011bn\u00ed trval\u00e9 p\u00e9\u010de o d\u00edt\u011b \u2013 motivov\u00e1n\u00ed [&hellip;]<\/p>\n","protected":false},"author":1,"featured_media":0,"parent":58,"menu_order":0,"comment_status":"closed","ping_status":"closed","template":"","meta":{"site-sidebar-layout":"default","site-content-layout":"","ast-site-content-layout":"","site-content-style":"default","site-sidebar-style":"default","ast-global-header-display":"","ast-banner-title-visibility":"","ast-main-header-display":"","ast-hfb-above-header-display":"","ast-hfb-below-header-display":"","ast-hfb-mobile-header-display":"","site-post-title":"","ast-breadcrumbs-content":"","ast-featured-img":"","footer-sml-layout":"","theme-transparent-header-meta":"","adv-header-id-meta":"","stick-header-meta":"","header-above-stick-meta":"","header-main-stick-meta":"","header-below-stick-meta":"","astra-migrate-meta-layouts":"default","ast-page-background-enabled":"default","ast-page-background-meta":{"desktop":{"background-color":"var(--ast-global-color-4)","background-image":"","background-repeat":"repeat","background-position":"center center","background-size":"auto","background-attachment":"scroll","background-type":"","background-media":"","overlay-type":"","overlay-color":"","overlay-opacity":"","overlay-gradient":""},"tablet":{"background-color":"","background-image":"","background-repeat":"repeat","background-position":"center center","background-size":"auto","background-attachment":"scroll","background-type":"","background-media":"","overlay-type":"","overlay-color":"","overlay-opacity":"","overlay-gradient":""},"mobile":{"background-color":"","background-image":"","background-repeat":"repeat","background-position":"center center","background-size":"auto","background-attachment":"scroll","background-type":"","background-media":"","overlay-type":"","overlay-color":"","overlay-opacity":"","overlay-gradient":""}},"ast-content-background-meta":{"desktop":{"background-color":"var(--ast-global-color-5)","background-image":"","background-repeat":"repeat","background-position":"center center","background-size":"auto","background-attachment":"scroll","background-type":"","background-media":"","overlay-type":"","overlay-color":"","overlay-opacity":"","overlay-gradient":""},"tablet":{"background-color":"var(--ast-global-color-5)","background-image":"","background-repeat":"repeat","background-position":"center center","background-size":"auto","background-attachment":"scroll","background-type":"","background-media":"","overlay-type":"","overlay-color":"","overlay-opacity":"","overlay-gradient":""},"mobile":{"background-color":"var(--ast-global-color-5)","background-image":"","background-repeat":"repeat","background-position":"center center","background-size":"auto","background-attachment":"scroll","background-type":"","background-media":"","overlay-type":"","overlay-color":"","overlay-opacity":"","overlay-gradient":""}},"footnotes":""},"class_list":["post-231","page","type-page","status-publish","hentry"],"_links":{"self":[{"href":"https:\/\/edukace.cochem.cz\/index.php?rest_route=\/wp\/v2\/pages\/231","targetHints":{"allow":["GET"]}}],"collection":[{"href":"https:\/\/edukace.cochem.cz\/index.php?rest_route=\/wp\/v2\/pages"}],"about":[{"href":"https:\/\/edukace.cochem.cz\/index.php?rest_route=\/wp\/v2\/types\/page"}],"author":[{"embeddable":true,"href":"https:\/\/edukace.cochem.cz\/index.php?rest_route=\/wp\/v2\/users\/1"}],"replies":[{"embeddable":true,"href":"https:\/\/edukace.cochem.cz\/index.php?rest_route=%2Fwp%2Fv2%2Fcomments&post=231"}],"version-history":[{"count":5,"href":"https:\/\/edukace.cochem.cz\/index.php?rest_route=\/wp\/v2\/pages\/231\/revisions"}],"predecessor-version":[{"id":422,"href":"https:\/\/edukace.cochem.cz\/index.php?rest_route=\/wp\/v2\/pages\/231\/revisions\/422"}],"up":[{"embeddable":true,"href":"https:\/\/edukace.cochem.cz\/index.php?rest_route=\/wp\/v2\/pages\/58"}],"wp:attachment":[{"href":"https:\/\/edukace.cochem.cz\/index.php?rest_route=%2Fwp%2Fv2%2Fmedia&parent=231"}],"curies":[{"name":"wp","href":"https:\/\/api.w.org\/{rel}","templated":true}]}}