{"id":226,"date":"2022-03-24T13:02:08","date_gmt":"2022-03-24T13:02:08","guid":{"rendered":"https:\/\/edukace.cochem.cz\/?page_id=226"},"modified":"2022-09-05T10:43:15","modified_gmt":"2022-09-05T10:43:15","slug":"nalezitosti-navrhu-ve-vecech-pece-soudu-o-nezletile-deti1","status":"publish","type":"page","link":"https:\/\/edukace.cochem.cz\/?page_id=226","title":{"rendered":"N\u00e1le\u017eitosti n\u00e1vrhu ve v\u011bcech p\u00e9\u010de soudu o nezletil\u00e9 d\u011bti"},"content":{"rendered":"\n<p><a id=\"_ftnref1\" href=\"#_ftn1\"><sup><strong><sup>[1]<\/sup><\/strong><\/sup><\/a><\/p>\n\n\n\n<p>N\u011bkte\u0159\u00ed rodi\u010de se na poskytovatele odborn\u00e9 pomoci obracej\u00ed ji\u017e ve chv\u00edli, kdy zva\u017euj\u00ed rozchod\/rozvod man\u017eelstv\u00ed. Zpo\u010d\u00e1tku maj\u00ed mnohdy jen minimum informac\u00ed o tom, jak situaci \u0159e\u0161it a co je \u010dek\u00e1. <strong>Sou\u010d\u00e1st\u00ed edukace<\/strong> se pak st\u00e1v\u00e1 <strong>i soci\u00e1ln\u011b-pr\u00e1vn\u00ed poradenstv\u00ed t\u00fdkaj\u00edc\u00ed se soudn\u00edch \u0159\u00edzen\u00ed o \u00fapravu pom\u011br\u016f nezletil\u00fdch d\u011bt\u00ed \u2013 n\u00e1le\u017eitosti n\u00e1vrhu, pr\u016fb\u011bh soudn\u00edho \u0159\u00edzen\u00ed, pr\u00e1vn\u00ed vymezen\u00ed jednotliv\u00fdch typ\u016f p\u00e9\u010de atd.<\/strong> Ji\u017e na po\u010d\u00e1tku by rodi\u010de m\u011bli b\u00fdt edukov\u00e1ni o tom, \u017ee pod\u00e1n\u00ed by se m\u011bla soust\u0159edit pouze na popis rozhodn\u00fdch skute\u010dnost\u00ed tak, aby d\u00e1le nedoch\u00e1zelo k eskalaci jejich sporu. N\u00ed\u017ee jsou uvedeny n\u00e1le\u017eitosti, kter\u00e9 by m\u011bl n\u00e1vrh na \u00fapravu pom\u011br\u016f nezletil\u00fdch d\u011bt\u00ed v souvislosti s rozpadem sou\u017eit\u00ed jejich rodi\u010d\u016f obsahovat. Jednotliv\u00e9 body se pak mohou li\u0161it dle toho, o jak\u00fd n\u00e1vrh jde, tzn. zda se jedn\u00e1 o \u00fapravu p\u00e9\u010de a v\u00fd\u017eivy, \u00fapravu kontakt\u016f d\u00edt\u011bte s nereziden\u010dn\u00edm rodi\u010dem \u010di \u0159\u00edzen\u00ed ve v\u011bci pro d\u00edt\u011b v\u00fdznamn\u00e9, na nich\u017e se rodi\u010de nedok\u00e1\u017eou dohodnout.<\/p>\n\n\n\n<h2 class=\"wp-block-heading\">N\u00e1le\u017eitosti n\u00e1vrhu na zah\u00e1jen\u00ed \u0159\u00edzen\u00ed<\/h2>\n\n\n\n<h3 class=\"wp-block-heading\">Ozna\u010den\u00ed soudu, kter\u00e9mu je n\u00e1vrh ur\u010den<\/h3>\n\n\n\n<p>N\u00e1vrh mus\u00ed b\u00fdt pod\u00e1n u okresn\u00edho soudu, v jeho\u017e obvodu m\u00e1 nezletil\u00e9 d\u00edt\u011b bydli\u0161t\u011b. M\u00edstem bydli\u0161t\u011b nezletil\u00e9ho d\u00edt\u011bte se rozum\u00ed m\u00edsto, kde se d\u00edt\u011b zdr\u017euje na z\u00e1klad\u011b dohody rodi\u010d\u016f, rozhodnut\u00ed soudu \u010di jin\u00e9 skute\u010dnosti a m\u00e1 tam sv\u00e9 rodinn\u00e9 a soci\u00e1ln\u00ed vazby \u2013 zejm\u00e9na kde nav\u0161t\u011bvuje \u0161kolsk\u00e9 za\u0159\u00edzen\u00ed, m\u00e1 mimo\u0161koln\u00ed aktivity, rodinu, kamar\u00e1dy, o\u0161et\u0159uj\u00edc\u00edho l\u00e9ka\u0159e a podobn\u011b. Nen\u00ed mo\u017en\u00e9, aby se jeden z rodi\u010d\u016f bez souhlasu druh\u00e9ho rodi\u010de s d\u00edt\u011btem odst\u011bhoval. Pokud by tak u\u010dinil, nedo\u0161lo by ke zm\u011bn\u011b bydli\u0161t\u011b d\u00edt\u011bte; leda uplynut\u00edm \u010dasu, po kter\u00e9m by se dala ne\u010dinnost druh\u00e9ho rodi\u010de vyhodnotit jako konkludentn\u00ed souhlas se zm\u011bnou bydli\u0161t\u011b d\u00edt\u011bte.<\/p>\n\n\n\n<h3 class=\"wp-block-heading\">Ozna\u010den\u00ed \u00fa\u010dastn\u00edk\u016f<\/h3>\n\n\n\n<p>Ozna\u010den\u00ed \u00fa\u010dastn\u00edk\u016f \u0159\u00edzen\u00ed (obvykle jsou \u00fa\u010dastn\u00edky \u0159\u00edzen\u00ed rodi\u010de a nezletil\u00e9 d\u011bti) jm\u00e9nem, p\u0159\u00edjmen\u00edm, datem narozen\u00ed, m\u00edstem trval\u00e9ho pobytu a faktick\u00e9ho bydli\u0161t\u011b (je-li od trval\u00e9ho pobytu odli\u0161n\u00e9). Pro rychlou komunikaci doporu\u010dujeme uv\u00e9st u dosp\u011bl\u00fdch osob t\u00e9\u017e telefonick\u00fd a e-mailov\u00fd kontakt \u2013 nap\u0159. otec: Petr Mal\u00fd, nar. 1. 12. 1980, trvale bytem Lesn\u00ed 1, Kladno, fakticky bytem Dlouh\u00e1 20, Kladno, tel. 631 114 112, e-mail <a href=\"mailto:petr.maly@centrum.cz\">petr.maly@centrum.cz<\/a>.<\/p>\n\n\n\n<h3 class=\"wp-block-heading\">Vyl\u00ed\u010den\u00ed rozhoduj\u00edc\u00edch skute\u010dnost\u00ed a ozna\u010den\u00ed d\u016fkaz\u016f<\/h3>\n\n\n\n<p>Vyl\u00ed\u010den\u00ed rozhoduj\u00edc\u00edch skute\u010dnost\u00ed se li\u0161\u00ed podle p\u0159edm\u011btu jednotliv\u00fdch \u0159\u00edzen\u00ed. Pokud je nap\u0159. pot\u0159eba upravit p\u00e9\u010di a v\u00fd\u017eivu d\u011bt\u00ed kv\u016fli rozvodu, je pot\u0159eba uv\u00e9st:<\/p>\n\n\n\n<ul class=\"wp-block-list\"><li>kdy byl uzav\u0159en s\u0148atek<\/li><li>jak dlouho spolu rodi\u010de ne\u017eij\u00ed<\/li><li>jak\u00fdm zp\u016fsobem je v dob\u011b pod\u00e1n\u00ed n\u00e1vrhu pe\u010dov\u00e1no o d\u011bti a placeno v\u00fd\u017eivn\u00e9<\/li><li>jak jsou zaji\u0161t\u011bny bytov\u00e9 pot\u0159eby rodi\u010d\u016f a d\u011bt\u00ed<\/li><li>jak\u00e9 jsou pravideln\u00e9 p\u0159\u00edjmy a v\u00fddaje rodi\u010d\u016f, jejich zam\u011bstn\u00e1n\u00ed<\/li><li>zda d\u011bti nav\u0161t\u011bvuj\u00ed (p\u0159ed)\u0161kolsk\u00e9 za\u0159\u00edzen\u00ed a z\u00e1jmov\u00e9 krou\u017eky, jak\u00e9 jsou s t\u00edm spojen\u00e9 v\u00fddaje<\/li><li>jak\u00fd je zdravotn\u00ed stav d\u011bt\u00ed a jak\u00e9 jsou jejich pot\u0159eby apod.<\/li><\/ul>\n\n\n\n<p><strong>Ke ka\u017ed\u00e9mu tvrzen\u00ed je nutno ozna\u010dit, p\u0159\u00edpadn\u011b dolo\u017eit d\u016fkaz<\/strong>. Nap\u0159. k uzav\u0159en\u00ed s\u0148atku dolo\u017eit kopii oddac\u00edho listu; k prok\u00e1z\u00e1n\u00ed tvrzen\u00ed o odlou\u010den\u00ed rodi\u010d\u016f a st\u00e1vaj\u00edc\u00ed p\u00e9\u010di o d\u011bti navrhnout soudu v\u00fdslech rodi\u010d\u016f; k bytov\u00fdm ot\u00e1zk\u00e1m n\u00e1jemn\u00ed smlouvu; k p\u0159\u00edjm\u016fm pracovn\u00ed smlouvu, potvrzen\u00ed o v\u00fd\u0161i mzdy \u010di platu (doporu\u010duje se za cel\u00fd uzav\u0159en\u00fd lo\u0148sk\u00fd rok a rok aktu\u00e1ln\u00ed), rozhodnut\u00ed a potvrzen\u00ed o p\u0159izn\u00e1n\u00ed soci\u00e1ln\u00edch d\u00e1vek; k pravideln\u00fdm v\u00fddaj\u016fm za d\u011bti potvrzen\u00ed o platb\u00e1ch apod.<\/p>\n\n\n\n<p><strong>Deklarov\u00e1n\u00ed toho, \u017ee d\u00edt\u011bti (od ur\u010dit\u00e9 rozumov\u00e9 vysp\u011blosti) bylo sd\u011bleno v\u0161e ohledn\u011b budouc\u00edho uspo\u0159\u00e1d\u00e1n\u00ed pom\u011br\u016f, \u017ee si rodi\u010de vyslechli jeho n\u00e1zor a \u017ee d\u00edt\u011b s dohodou souhlas\u00ed.<\/strong><\/p>\n\n\n\n<h3 class=\"wp-block-heading\">Sd\u011blen\u00ed, jak m\u00e1 soud rozhodnout<\/h3>\n\n\n\n<p>D\u00e1le navrhovatel\u00e9 uvedou, \u010deho se dom\u00e1haj\u00ed, tj. jak m\u00e1 soud rozhodnout \u2013 nap\u0159. navrhujeme, aby soud schv\u00e1lil tuto na\u0161i dohodu:<\/p>\n\n\n\n<p><em>I. Nezl. Petr Mal\u00fd, nar. 31. 8. 2011 a Eli\u0161ka Mal\u00e1, nar. 12. 10. 2012, se pro dobu p\u0159ed i po rozvodu man\u017eelstv\u00ed sv\u011b\u0159uj\u00ed do st\u0159\u00eddav\u00e9 p\u00e9\u010de rodi\u010d\u016f.<\/em><\/p>\n\n\n\n<p><em>II. Otec se zavazuje se pro dobu p\u0159ed i po rozvodu man\u017eelstv\u00ed p\u0159isp\u00edvat na v\u00fd\u017eivu nezl. Petra \u010d\u00e1stkou 1500 K\u010d m\u011bs\u00ed\u010dn\u011b a nezl. Eli\u0161ky \u010d\u00e1stkou 1000 K\u010d m\u011bs\u00ed\u010dn\u011b splatnou p\u0159edem v\u017edy do 20. dne v kalend\u00e1\u0159n\u00edm m\u011bs\u00edci k ruk\u00e1m matky.<\/em><\/p>\n\n\n\n<h3 class=\"wp-block-heading\">Datum, m\u00edsto, podpisy navrhovatel\u016f<\/h3>\n\n\n\n<p>Datum, m\u00edsto, kdy a kde byl n\u00e1vrh seps\u00e1n, a podpis navrhovatele (u dohody podpisy obou rodi\u010d\u016f).<\/p>\n\n\n\n<p>N\u00e1vrh v pot\u0159ebn\u00e9m po\u010dtu stejnopis\u016f (obvykle dva) s p\u0159ipojen\u00edm listin, kter\u00e9 jsou ozna\u010deny k d\u016fkaz\u016fm, je pot\u0159eba zaslat m\u00edstn\u011b p\u0159\u00edslu\u0161n\u00e9mu soudu.<\/p>\n\n\n\n<p><strong>Sou\u010d\u00e1st\u00ed podan\u00e9ho n\u00e1vrhu je v ide\u00e1ln\u00edm p\u0159\u00edpad\u011b i vypln\u011bn\u00fd rodi\u010dovsk\u00fd pl\u00e1n<\/strong>, na kter\u00e9m se rodi\u010de shodnou a kter\u00fd stvrd\u00ed sv\u00fdmi podpisy. V p\u0159\u00edpad\u011b, \u017ee rodi\u010de v rodi\u010dovsk\u00e9m pl\u00e1nu upravuj\u00ed z\u00e1le\u017eitosti <strong>star\u0161\u00edch d\u011bt\u00ed, zpravidla star\u0161\u00edch 12 let<\/strong>, je vhodn\u00e9, aby byl <strong>p\u0159ipojen podpis d\u00edt\u011bte<\/strong>. Podpis d\u011bt\u00ed je z\u00e1rukou toho, \u017ee byly d\u016fkladn\u011b sezn\u00e1meny s t\u00edm, na \u010dem se rodi\u010de dohodli, nebo\u0165 jsou to ony, od koho se bude rovn\u011b\u017e o\u010dek\u00e1vat, \u017ee budou dohodu rodi\u010d\u016f napl\u0148ovat. Z form\u00e1ln\u00edho i materi\u00e1ln\u00edho hlediska lze toto vn\u00edmat jako napln\u011bn\u00ed participa\u010dn\u00edch pr\u00e1v d\u00edt\u011bte.<\/p>\n\n\n\n<p><strong>Vhodn\u00e9 je, aby na rodi\u010de i v soudn\u00edm \u0159\u00edzen\u00ed byla ji\u017e od po\u010d\u00e1tku delegov\u00e1na odpov\u011bdnost za \u0159e\u0161en\u00ed cel\u00e9 situace<\/strong>. I p\u0159es opr\u00e1vn\u011bn\u00ed soudu opat\u0159ovat si listiny pot\u0159ebn\u00e9 pro rozhodnut\u00ed ve v\u011bci t\u00fdkaj\u00edc\u00ed se \u00fapravy pom\u011br\u016f nezletil\u00e9ho d\u00edt\u011bte (typicky potvrzen\u00ed o p\u0159\u00edjmech rodi\u010d\u016f), je v\u00fdrazem zplnomoc\u0148ov\u00e1n\u00ed rodi\u010d\u016f skute\u010dnost, \u017ee jsou to prim\u00e1rn\u011b rodi\u010de, kdo soudu spole\u010dn\u011b s n\u00e1vrhem na \u00fapravu pom\u011br\u016f d\u00edt\u011bte p\u0159edkl\u00e1daj\u00ed i pot\u0159ebn\u00e9 listiny. V r\u00e1mci interdisciplin\u00e1rn\u00ed spolupr\u00e1ce je vhodn\u00e9, aby se zainteresovan\u00e9 instituce \u2013 soud, OSPOD a poskytovatel\u00e9 odborn\u00e9 pomoci, pop\u0159. advok\u00e1ti ad., shodli na listin\u00e1ch, kter\u00e9 jsou soudu standardn\u011b p\u0159edkl\u00e1d\u00e1ny spole\u010dn\u011b s n\u00e1vrhy na \u00fapravu pom\u011br\u016f nezletil\u00e9ho d\u00edt\u011bte.<\/p>\n\n\n\n<p>Konkr\u00e9tn\u00ed vzory n\u00e1vrh\u016f na zah\u00e1jen\u00ed \u0159\u00edzen\u00ed jsou sou\u010d\u00e1st\u00ed p\u0159\u00edlohy t\u00e9to metodiky.<\/p>\n\n\n\n<hr class=\"wp-block-separator has-css-opacity\"\/>\n\n\n\n<p><a href=\"#_ftnref1\" id=\"_ftn1\"><sup>[1]<\/sup><\/a> Let\u00e1k OS v Nov\u00e9m Ji\u010d\u00edn\u011b<\/p>\n\n\n\n<div style=\"height:50px\" aria-hidden=\"true\" class=\"wp-block-spacer\"><\/div>\n\n\n\n<hr class=\"wp-block-separator has-text-color has-css-opacity has-background alignwide is-style-wide\" style=\"background-color:#eac323;color:#eac323\"\/>\n\n\n\n<div style=\"height:30px\" aria-hidden=\"true\" class=\"wp-block-spacer\"><\/div>\n\n\n\n<div class=\"wp-block-buttons alignwide is-content-justification-center is-layout-flex wp-container-core-buttons-is-layout-a89b3969 wp-block-buttons-is-layout-flex\">\n<div class=\"wp-block-button\"><a class=\"wp-block-button__link\" href=\"https:\/\/edukace.cochem.cz\/?page_id=224\">&lt;&lt; <strong>Mo\u017enosti mimosoudn\u00edho \u0159e\u0161en\u00ed<\/strong><\/a><\/div>\n\n\n\n<div class=\"wp-block-button\"><a class=\"wp-block-button__link\" href=\"https:\/\/edukace.cochem.cz\/?page_id=229\"><strong>Pr\u016fb\u011bh soudn\u00edho \u0159\u00edzen\u00ed<\/strong> &gt;&gt;<\/a><\/div>\n<\/div>\n","protected":false},"excerpt":{"rendered":"<p>[1] N\u011bkte\u0159\u00ed rodi\u010de se na poskytovatele odborn\u00e9 pomoci obracej\u00ed ji\u017e ve chv\u00edli, kdy zva\u017euj\u00ed rozchod\/rozvod man\u017eelstv\u00ed. Zpo\u010d\u00e1tku maj\u00ed mnohdy jen minimum informac\u00ed o tom, jak situaci \u0159e\u0161it a co je \u010dek\u00e1. Sou\u010d\u00e1st\u00ed edukace se pak st\u00e1v\u00e1 i soci\u00e1ln\u011b-pr\u00e1vn\u00ed poradenstv\u00ed t\u00fdkaj\u00edc\u00ed se soudn\u00edch \u0159\u00edzen\u00ed o \u00fapravu pom\u011br\u016f nezletil\u00fdch d\u011bt\u00ed \u2013 n\u00e1le\u017eitosti n\u00e1vrhu, pr\u016fb\u011bh soudn\u00edho \u0159\u00edzen\u00ed, pr\u00e1vn\u00ed [&hellip;]<\/p>\n","protected":false},"author":1,"featured_media":0,"parent":58,"menu_order":0,"comment_status":"closed","ping_status":"closed","template":"","meta":{"site-sidebar-layout":"default","site-content-layout":"","ast-site-content-layout":"","site-content-style":"default","site-sidebar-style":"default","ast-global-header-display":"","ast-banner-title-visibility":"","ast-main-header-display":"","ast-hfb-above-header-display":"","ast-hfb-below-header-display":"","ast-hfb-mobile-header-display":"","site-post-title":"","ast-breadcrumbs-content":"","ast-featured-img":"","footer-sml-layout":"","theme-transparent-header-meta":"","adv-header-id-meta":"","stick-header-meta":"","header-above-stick-meta":"","header-main-stick-meta":"","header-below-stick-meta":"","astra-migrate-meta-layouts":"default","ast-page-background-enabled":"default","ast-page-background-meta":{"desktop":{"background-color":"var(--ast-global-color-4)","background-image":"","background-repeat":"repeat","background-position":"center center","background-size":"auto","background-attachment":"scroll","background-type":"","background-media":"","overlay-type":"","overlay-color":"","overlay-opacity":"","overlay-gradient":""},"tablet":{"background-color":"","background-image":"","background-repeat":"repeat","background-position":"center center","background-size":"auto","background-attachment":"scroll","background-type":"","background-media":"","overlay-type":"","overlay-color":"","overlay-opacity":"","overlay-gradient":""},"mobile":{"background-color":"","background-image":"","background-repeat":"repeat","background-position":"center center","background-size":"auto","background-attachment":"scroll","background-type":"","background-media":"","overlay-type":"","overlay-color":"","overlay-opacity":"","overlay-gradient":""}},"ast-content-background-meta":{"desktop":{"background-color":"var(--ast-global-color-5)","background-image":"","background-repeat":"repeat","background-position":"center center","background-size":"auto","background-attachment":"scroll","background-type":"","background-media":"","overlay-type":"","overlay-color":"","overlay-opacity":"","overlay-gradient":""},"tablet":{"background-color":"var(--ast-global-color-5)","background-image":"","background-repeat":"repeat","background-position":"center center","background-size":"auto","background-attachment":"scroll","background-type":"","background-media":"","overlay-type":"","overlay-color":"","overlay-opacity":"","overlay-gradient":""},"mobile":{"background-color":"var(--ast-global-color-5)","background-image":"","background-repeat":"repeat","background-position":"center center","background-size":"auto","background-attachment":"scroll","background-type":"","background-media":"","overlay-type":"","overlay-color":"","overlay-opacity":"","overlay-gradient":""}},"footnotes":""},"class_list":["post-226","page","type-page","status-publish","hentry"],"_links":{"self":[{"href":"https:\/\/edukace.cochem.cz\/index.php?rest_route=\/wp\/v2\/pages\/226","targetHints":{"allow":["GET"]}}],"collection":[{"href":"https:\/\/edukace.cochem.cz\/index.php?rest_route=\/wp\/v2\/pages"}],"about":[{"href":"https:\/\/edukace.cochem.cz\/index.php?rest_route=\/wp\/v2\/types\/page"}],"author":[{"embeddable":true,"href":"https:\/\/edukace.cochem.cz\/index.php?rest_route=\/wp\/v2\/users\/1"}],"replies":[{"embeddable":true,"href":"https:\/\/edukace.cochem.cz\/index.php?rest_route=%2Fwp%2Fv2%2Fcomments&post=226"}],"version-history":[{"count":6,"href":"https:\/\/edukace.cochem.cz\/index.php?rest_route=\/wp\/v2\/pages\/226\/revisions"}],"predecessor-version":[{"id":418,"href":"https:\/\/edukace.cochem.cz\/index.php?rest_route=\/wp\/v2\/pages\/226\/revisions\/418"}],"up":[{"embeddable":true,"href":"https:\/\/edukace.cochem.cz\/index.php?rest_route=\/wp\/v2\/pages\/58"}],"wp:attachment":[{"href":"https:\/\/edukace.cochem.cz\/index.php?rest_route=%2Fwp%2Fv2%2Fmedia&parent=226"}],"curies":[{"name":"wp","href":"https:\/\/api.w.org\/{rel}","templated":true}]}}