{"id":206,"date":"2022-03-24T12:57:20","date_gmt":"2022-03-24T12:57:20","guid":{"rendered":"https:\/\/edukace.cochem.cz\/?page_id=206"},"modified":"2022-09-05T11:57:52","modified_gmt":"2022-09-05T11:57:52","slug":"jak-dite-informovat-o-rozvodu-ci-rozchodu-jeho-rodicu","status":"publish","type":"page","link":"https:\/\/edukace.cochem.cz\/?page_id=206","title":{"rendered":"Jak d\u00edt\u011b informovat o rozvodu \u010di rozchodu jeho rodi\u010d\u016f"},"content":{"rendered":"\n<p>V situaci rozvodu \u010di rozchodu rodi\u010d\u016f je velmi d\u016fle\u017eit\u00e9 <strong>zohlednit pot\u0159ebu d\u00edt\u011bte po porozum\u011bn\u00ed t\u011bm skute\u010dnostem, kter\u00e9 se jej dot\u00fdkaj\u00ed, aby mohlo, s ohledem na sv\u016fj v\u011bk, vzniklou situaci pochopit, spr\u00e1vn\u011b vyhodnotit, n\u00e1sledn\u011b ji p\u0159ijmout a vyrovnat se s n\u00ed. <\/strong>Pro d\u011bti, stejn\u011b jako pro jejich rodi\u010de, je d\u016fle\u017eit\u00e1 transparentnost, srozumitelnost, f\u00e9rov\u00fd p\u0159\u00edstup a ur\u010dit\u00e1 p\u0159edv\u00eddatelnost ohledn\u011b toho, co se bude d\u00edt te\u010f a v brzk\u00e9 budoucnosti. Rodi\u010de, \u010dasto zahlceni sv\u00fdmi starostmi a zran\u011bn\u00edmi, podce\u0148uj\u00ed \u010di zapom\u00ednaj\u00ed na pot\u0159eby sv\u00fdch d\u011bt\u00ed. N\u011bkdy je d\u016fvodem tak\u00e9 to, \u017ee rodi\u010de sami nev\u011bd\u00ed, jak to nejl\u00e9pe ud\u011blat, jakou formou a jak\u00e9 informace d\u00edt\u011bti sd\u011blit. P\u0159esto je jejich povinnost\u00ed vysv\u011btlovat d\u00edt\u011bti, co se d\u011bje a bude d\u00edt, pom\u00e1hat mu se zorientovat, naslouchat jeho pot\u0159eb\u00e1m.<\/p>\n\n\n\n<p>Sou\u010d\u00e1st\u00ed rodi\u010dovsk\u00e9 odpov\u011bdnosti je v souladu s \u00a7 875 odst. 2) o. z., i povinnost rodi\u010de p\u0159ed rozhodnut\u00edm, kter\u00e9 se dot\u00fdk\u00e1 z\u00e1jmu d\u00edt\u011bte, <strong>sd\u011blit d\u00edt\u011bti v\u0161e pot\u0159ebn\u00e9, aby si mohlo vytvo\u0159it vlastn\u00ed n\u00e1zor o dan\u00e9 z\u00e1le\u017eitosti a rodi\u010d\u016fm jej sd\u011blit<\/strong>. N\u00e1zoru d\u00edt\u011bte rodi\u010de v\u011bnuj\u00ed pat\u0159i\u010dnou pozornost a berou ho p\u0159i rozhodov\u00e1n\u00ed v \u00favahu. Je tedy prim\u00e1rn\u011b na rodi\u010d\u00edch, aby s d\u00edt\u011btem o situaci p\u0159im\u011b\u0159en\u011b v\u011bku hovo\u0159ili.<\/p>\n\n\n\n<p><strong>Povinnost informovat d\u00edt\u011b m\u00e1 dle \u00a7 867 o. z. i soud<\/strong>, kter\u00fd p\u0159ed rozhodnut\u00edm, kter\u00e9 se dot\u00fdk\u00e1 z\u00e1jmu d\u00edt\u011bte, poskytne d\u00edt\u011bti pot\u0159ebn\u00e9 informace, aby si mohlo vytvo\u0159it vlastn\u00ed n\u00e1zor a tento sd\u011blit. Nen\u00ed-li podle zji\u0161t\u011bn\u00ed soudu d\u00edt\u011b schopno informace n\u00e1le\u017eit\u011b p\u0159ijmout nebo nen\u00ed-li schopno vytvo\u0159it si vlastn\u00ed n\u00e1zor nebo nen\u00ed-li schopno tento n\u00e1zor sd\u011blit, soud informuje a vyslechne toho, kdo je schopen z\u00e1jmy d\u00edt\u011bte ochr\u00e1nit, s t\u00edm, \u017ee se mus\u00ed jednat o osobu, jej\u00ed\u017e z\u00e1jmy nejsou v rozporu se z\u00e1jmy d\u00edt\u011bte. Typicky bude takovou osobou soudem jmenovan\u00fd kolizn\u00ed opatrovn\u00edk. N\u00e1zoru d\u00edt\u011bte v\u011bnuje soud pat\u0159i\u010dnou pozornost. Z\u00e1rove\u0148 je pot\u0159eba m\u00edt na pam\u011bti, \u017ee <strong>vyjad\u0159ovat sv\u016fj n\u00e1zor, \u0159\u00edkat, co si mysl\u00ed a co pot\u0159ebuje, je pr\u00e1vo d\u00edt\u011bte nikoliv jeho povinnost<\/strong>. D\u00edt\u011b m\u00e1 tedy pr\u00e1vo se vyj\u00e1d\u0159it, pokud se ale vyj\u00e1d\u0159it p\u0159ed soudy, org\u00e1ny soci\u00e1ln\u011b-pr\u00e1vn\u00ed ochrany d\u011bt\u00ed, pop\u0159. dal\u0161\u00edmi odborn\u00fdmi pracovn\u00edky nechce, mus\u00ed b\u00fdt toto jeho pr\u00e1vo respektov\u00e1no.<\/p>\n\n\n\n<p>Ve\u0161ker\u00e9 intervence ve vztahu k d\u00edt\u011bti, a\u0165 u\u017e jde o setk\u00e1n\u00ed a rozhovor d\u00edt\u011bte se soci\u00e1ln\u00edmi pracovn\u00edky v roli kolizn\u00edch opatrovn\u00edk\u016f, soudci \u010di psychology, by m\u011bly b\u00fdt c\u00edleny na <strong>uspokojen\u00ed pot\u0159eb d\u00edt\u011bte:<\/strong><\/p>\n\n\n\n<ul class=\"wp-block-list\"><li><strong>informov\u00e1n\u00ed d\u00edt\u011bte o situaci \u2013 o tom, co se d\u011bje a co se bude d\u00edt<\/strong><\/li><li><strong>informov\u00e1n\u00ed o roli jednotliv\u00fdch subjekt\u016f v procesu opatrovnick\u00e9 justice<\/strong><\/li><li><strong>pou\u010den\u00ed d\u00edt\u011bte p\u0159im\u011b\u0159en\u011b jeho v\u011bku o jeho pr\u00e1vech<\/strong><\/li><li><strong>srozumiteln\u00e9 vysv\u011btlen\u00ed, jak bude nakl\u00e1d\u00e1no s informacemi, kter\u00e9 d\u00edt\u011b poskytne<\/strong><\/li><\/ul>\n\n\n\n<p>D\u00edt\u011b by m\u011blo v\u011bd\u011bt a rozum\u011bt tomu, \u017ee kolizn\u00ed opatrovn\u00edk m\u016f\u017ee p\u0159edat jen ty sd\u011blen\u00e9 informace, na kter\u00fdch se spolu domluv\u00ed, \u017ee je sm\u00ed zprost\u0159edkovat soudu nebo rodi\u010d\u016fm a jak se to stane. D\u00edt\u011b by m\u011blo dostat informaci, \u017ee co sd\u011bl\u00ed soudci v r\u00e1mci rozhovoru, bude zaprotokolov\u00e1no a jeho rodi\u010de se to doslovn\u011b dozv\u011bd\u00ed. Stejn\u011b tak pokud by m\u011blo doj\u00edt na soudn\u011b znaleck\u00fd posudek, \u017ee se ke zpr\u00e1v\u011b podan\u00e9 znalcem dostanou tak\u00e9 oba rodi\u010de.<\/p>\n\n\n\n<p>Setk\u00e1n\u00ed s d\u00edt\u011btem by nikdy nem\u011blo b\u00fdt motivov\u00e1no pouze z\u00edsk\u00e1n\u00edm informac\u00ed a uspokojen\u00ed pot\u0159eby doty\u010dn\u00e9ho dosp\u011bl\u00e9ho z\u00edskat podklady pro vypracov\u00e1n\u00ed zpr\u00e1vy (kolizn\u00ed opatrovn\u00edk) a zji\u0161t\u011bn\u00ed p\u0159\u00e1n\u00ed a n\u00e1zoru d\u00edt\u011bte (soud, kolizn\u00ed opatrovn\u00edk). Stejn\u011b tak jako rodi\u010de d\u00edt\u011bte, m\u011bli by si i odborn\u00edci, kte\u0159\u00ed se s d\u00edt\u011btem v r\u00e1mci opatrovnick\u00e9ho \u0159\u00edzen\u00ed setk\u00e1vaj\u00ed, b\u00fdt v\u011bdomi toho, \u017ee jsou p\u0159edev\u0161\u00edm nositeli povinnost\u00ed v\u016f\u010di d\u00edt\u011bti (zejm\u00e9na zajistit nejlep\u0161\u00ed z\u00e1jem d\u00edt\u011bte) a d\u00edt\u011b je p\u0159edev\u0161\u00edm p\u0159\u00edjemcem pr\u00e1v, kter\u00e1 dosp\u011bl\u00ed v\u016f\u010di n\u011bmu napl\u0148uj\u00ed.<\/p>\n\n\n\n<p>Z\u00e1rove\u0148 v\u0161ak m\u016f\u017ee doj\u00edt k situac\u00edm, kdy se pracovn\u00edk v kontaktu s d\u00edt\u011btem dozv\u00ed skute\u010dnosti sv\u011bd\u010d\u00edc\u00ed o nevhodn\u00e9m zach\u00e1zen\u00ed rodi\u010d\u016f, pop\u0159. jin\u00fdch osob s d\u00edt\u011btem \u2013 fyzick\u00e9 trest\u00e1n\u00ed, psychick\u00e9 n\u00e1sil\u00ed na d\u00edt\u011bti, zanedb\u00e1v\u00e1n\u00ed, zneu\u017e\u00edv\u00e1n\u00ed. V t\u011bchto situac\u00edch, kdy m\u00e1 pracovn\u00edk informace o ohro\u017een\u00ed d\u00edt\u011bte, mus\u00ed s ohledem na <strong>oznamovac\u00ed povinnost dle ZOSPOD a \u00a7 368 odst. 1 trestn\u00edho z\u00e1kon\u00edku<\/strong> jednat. \u00dakolem pracovn\u00edka nen\u00ed ohro\u017een\u00ed d\u00edt\u011bte prok\u00e1zat, ur\u010dit m\u00edru jeho ohro\u017een\u00ed \u010di pr\u00e1vn\u011b kvalifikovat skutek, ale toto ozn\u00e1mit dle povahy v\u011bci a\u0165 ji\u017e org\u00e1nu soci\u00e1ln\u011b-pr\u00e1vn\u00ed ochrany d\u011bt\u00ed nebo org\u00e1nu \u010dinn\u00e9m v trestn\u00edm \u0159\u00edzen\u00ed (P\u010cR, st\u00e1tn\u00ed zastupitelstv\u00ed). V takov\u00e9m p\u0159\u00edpad\u011b je tak\u00e9 pot\u0159eba, aby pracovn\u00edk d\u00edt\u011b o skute\u010dnosti, \u017ee tato sd\u011blen\u00ed nemohou z\u016fstat d\u016fv\u011brn\u00e1, ale \u017ee je mus\u00ed ozn\u00e1mit, informoval.<\/p>\n\n\n\n<div style=\"height:50px\" aria-hidden=\"true\" class=\"wp-block-spacer\"><\/div>\n\n\n\n<hr class=\"wp-block-separator has-text-color has-css-opacity has-background alignwide is-style-wide\" style=\"background-color:#eac323;color:#eac323\"\/>\n\n\n\n<div style=\"height:30px\" aria-hidden=\"true\" class=\"wp-block-spacer\"><\/div>\n\n\n\n<div class=\"wp-block-buttons alignwide is-content-justification-center is-layout-flex wp-container-core-buttons-is-layout-a89b3969 wp-block-buttons-is-layout-flex\">\n<div class=\"wp-block-button\"><a class=\"wp-block-button__link\" href=\"https:\/\/edukace.cochem.cz\/?page_id=204\">&lt;&lt; <strong>Rodi\u010dovsk\u00e1 odpov\u011bdnost<\/strong><\/a><\/div>\n\n\n\n<div class=\"wp-block-button\"><a class=\"wp-block-button__link\" href=\"https:\/\/edukace.cochem.cz\/?page_id=208\"><strong>Informov\u00e1n\u00ed d\u00edt\u011bte \u2013 tipy pro rodi\u010de, jak mluvit s d\u011btmi o rozvodu<\/strong> &gt;&gt;<\/a><\/div>\n<\/div>\n","protected":false},"excerpt":{"rendered":"<p>V situaci rozvodu \u010di rozchodu rodi\u010d\u016f je velmi d\u016fle\u017eit\u00e9 zohlednit pot\u0159ebu d\u00edt\u011bte po porozum\u011bn\u00ed t\u011bm skute\u010dnostem, kter\u00e9 se jej dot\u00fdkaj\u00ed, aby mohlo, s ohledem na sv\u016fj v\u011bk, vzniklou situaci pochopit, spr\u00e1vn\u011b vyhodnotit, n\u00e1sledn\u011b ji p\u0159ijmout a vyrovnat se s n\u00ed. Pro d\u011bti, stejn\u011b jako pro jejich rodi\u010de, je d\u016fle\u017eit\u00e1 transparentnost, srozumitelnost, f\u00e9rov\u00fd p\u0159\u00edstup a ur\u010dit\u00e1 [&hellip;]<\/p>\n","protected":false},"author":1,"featured_media":0,"parent":56,"menu_order":0,"comment_status":"closed","ping_status":"closed","template":"","meta":{"site-sidebar-layout":"default","site-content-layout":"","ast-site-content-layout":"","site-content-style":"default","site-sidebar-style":"default","ast-global-header-display":"","ast-banner-title-visibility":"","ast-main-header-display":"","ast-hfb-above-header-display":"","ast-hfb-below-header-display":"","ast-hfb-mobile-header-display":"","site-post-title":"","ast-breadcrumbs-content":"","ast-featured-img":"","footer-sml-layout":"","theme-transparent-header-meta":"","adv-header-id-meta":"","stick-header-meta":"","header-above-stick-meta":"","header-main-stick-meta":"","header-below-stick-meta":"","astra-migrate-meta-layouts":"default","ast-page-background-enabled":"default","ast-page-background-meta":{"desktop":{"background-color":"var(--ast-global-color-4)","background-image":"","background-repeat":"repeat","background-position":"center center","background-size":"auto","background-attachment":"scroll","background-type":"","background-media":"","overlay-type":"","overlay-color":"","overlay-opacity":"","overlay-gradient":""},"tablet":{"background-color":"","background-image":"","background-repeat":"repeat","background-position":"center center","background-size":"auto","background-attachment":"scroll","background-type":"","background-media":"","overlay-type":"","overlay-color":"","overlay-opacity":"","overlay-gradient":""},"mobile":{"background-color":"","background-image":"","background-repeat":"repeat","background-position":"center center","background-size":"auto","background-attachment":"scroll","background-type":"","background-media":"","overlay-type":"","overlay-color":"","overlay-opacity":"","overlay-gradient":""}},"ast-content-background-meta":{"desktop":{"background-color":"var(--ast-global-color-5)","background-image":"","background-repeat":"repeat","background-position":"center center","background-size":"auto","background-attachment":"scroll","background-type":"","background-media":"","overlay-type":"","overlay-color":"","overlay-opacity":"","overlay-gradient":""},"tablet":{"background-color":"var(--ast-global-color-5)","background-image":"","background-repeat":"repeat","background-position":"center center","background-size":"auto","background-attachment":"scroll","background-type":"","background-media":"","overlay-type":"","overlay-color":"","overlay-opacity":"","overlay-gradient":""},"mobile":{"background-color":"var(--ast-global-color-5)","background-image":"","background-repeat":"repeat","background-position":"center center","background-size":"auto","background-attachment":"scroll","background-type":"","background-media":"","overlay-type":"","overlay-color":"","overlay-opacity":"","overlay-gradient":""}},"footnotes":""},"class_list":["post-206","page","type-page","status-publish","hentry"],"_links":{"self":[{"href":"https:\/\/edukace.cochem.cz\/index.php?rest_route=\/wp\/v2\/pages\/206","targetHints":{"allow":["GET"]}}],"collection":[{"href":"https:\/\/edukace.cochem.cz\/index.php?rest_route=\/wp\/v2\/pages"}],"about":[{"href":"https:\/\/edukace.cochem.cz\/index.php?rest_route=\/wp\/v2\/types\/page"}],"author":[{"embeddable":true,"href":"https:\/\/edukace.cochem.cz\/index.php?rest_route=\/wp\/v2\/users\/1"}],"replies":[{"embeddable":true,"href":"https:\/\/edukace.cochem.cz\/index.php?rest_route=%2Fwp%2Fv2%2Fcomments&post=206"}],"version-history":[{"count":3,"href":"https:\/\/edukace.cochem.cz\/index.php?rest_route=\/wp\/v2\/pages\/206\/revisions"}],"predecessor-version":[{"id":451,"href":"https:\/\/edukace.cochem.cz\/index.php?rest_route=\/wp\/v2\/pages\/206\/revisions\/451"}],"up":[{"embeddable":true,"href":"https:\/\/edukace.cochem.cz\/index.php?rest_route=\/wp\/v2\/pages\/56"}],"wp:attachment":[{"href":"https:\/\/edukace.cochem.cz\/index.php?rest_route=%2Fwp%2Fv2%2Fmedia&parent=206"}],"curies":[{"name":"wp","href":"https:\/\/api.w.org\/{rel}","templated":true}]}}