{"id":202,"date":"2022-03-24T12:55:50","date_gmt":"2022-03-24T12:55:50","guid":{"rendered":"https:\/\/edukace.cochem.cz\/?page_id=202"},"modified":"2022-09-05T12:02:39","modified_gmt":"2022-09-05T12:02:39","slug":"obsah-edukace-okruhy-predavanych-informaci","status":"publish","type":"page","link":"https:\/\/edukace.cochem.cz\/?page_id=202","title":{"rendered":"Obsah edukace \u2013 okruhy p\u0159ed\u00e1van\u00fdch informac\u00ed"},"content":{"rendered":"\n<p>V r\u00e1mci edukace dost\u00e1vaj\u00ed rodi\u010de informace zejm\u00e9na z n\u00e1sleduj\u00edc\u00edch oblast\u00ed:<\/p>\n\n\n\n<ul class=\"wp-block-list\"><li>rodi\u010dovsk\u00e1 odpov\u011bdnost<\/li><li>rodi\u010dovsk\u00e9 kompetence<\/li><li>pr\u016fb\u011bh soudn\u00edho \u0159\u00edzen\u00ed o \u00fapravu pom\u011br\u016f nezletil\u00e9ho d\u00edt\u011bte<\/li><li>role jednotliv\u00fdch subjekt\u016f zapojen\u00fdch do \u0159e\u0161en\u00ed situac\u00ed spojen\u00fdch s rozpadem sou\u017eit\u00ed rodi\u010d\u016f (soud, OSPOD, pom\u00e1haj\u00edc\u00ed profese)<\/li><li>n\u00e1le\u017eitosti n\u00e1vrhu na \u00fapravu pom\u011br\u016f nezletil\u00e9ho d\u00edt\u011bte<\/li><li>formy p\u00e9\u010de a praktick\u00e9 dopady ve vztahu k v\u00fd\u017eivn\u00e9mu<\/li><li>\u010derp\u00e1n\u00ed soci\u00e1ln\u00edch d\u00e1vek a dal\u0161\u00edch v\u00fdhod (nap\u0159. O\u010cR, da\u0148ov\u00e9 odpisy)<\/li><li>pot\u0159eby d\u00edt\u011bte v rozpadu sou\u017eit\u00ed rodi\u010d\u016f<\/li><li>pr\u00e1va a postaven\u00ed d\u00edt\u011bte v r\u00e1mci prob\u00edhaj\u00edc\u00edho soudn\u00edho \u0159\u00edzen\u00ed<\/li><li>dopady nezvl\u00e1dnut\u00e9ho rodi\u010dovsk\u00e9ho konfliktu na d\u00edt\u011b<\/li><li>principy zainteresovan\u00fdch instituc\u00ed v p\u0159\u00edstupu k rodi\u010d\u016fm<\/li><\/ul>\n\n\n\n<div style=\"height:50px\" aria-hidden=\"true\" class=\"wp-block-spacer\"><\/div>\n\n\n\n<hr class=\"wp-block-separator has-text-color has-css-opacity has-background alignwide is-style-wide\" style=\"background-color:#eac323;color:#eac323\"\/>\n\n\n\n<div style=\"height:30px\" aria-hidden=\"true\" class=\"wp-block-spacer\"><\/div>\n\n\n\n<div class=\"wp-block-buttons alignwide is-content-justification-center is-layout-flex wp-container-core-buttons-is-layout-a89b3969 wp-block-buttons-is-layout-flex\">\n<div class=\"wp-block-button\"><a class=\"wp-block-button__link\" href=\"https:\/\/edukace.cochem.cz\/?page_id=200\">&lt;&lt; <strong><strong>Zaji\u0161t\u011bn\u00ed \u00fa\u010dasti obou rodi\u010d\u016f na z\u00e1kladn\u00ed edukaci p\u0159ed 1. soudn\u00edm jedn\u00e1n\u00edm<\/strong><\/strong><\/a><\/div>\n\n\n\n<div class=\"wp-block-button\"><a class=\"wp-block-button__link\" href=\"https:\/\/edukace.cochem.cz\/?page_id=204\"><strong>Rodi\u010dovsk\u00e1 odpov\u011bdnost<\/strong> &gt;&gt;<\/a><\/div>\n<\/div>\n","protected":false},"excerpt":{"rendered":"<p>V r\u00e1mci edukace dost\u00e1vaj\u00ed rodi\u010de informace zejm\u00e9na z n\u00e1sleduj\u00edc\u00edch oblast\u00ed: rodi\u010dovsk\u00e1 odpov\u011bdnost rodi\u010dovsk\u00e9 kompetence pr\u016fb\u011bh soudn\u00edho \u0159\u00edzen\u00ed o \u00fapravu pom\u011br\u016f nezletil\u00e9ho d\u00edt\u011bte role jednotliv\u00fdch subjekt\u016f zapojen\u00fdch do \u0159e\u0161en\u00ed situac\u00ed spojen\u00fdch s rozpadem sou\u017eit\u00ed rodi\u010d\u016f (soud, OSPOD, pom\u00e1haj\u00edc\u00ed profese) n\u00e1le\u017eitosti n\u00e1vrhu na \u00fapravu pom\u011br\u016f nezletil\u00e9ho d\u00edt\u011bte formy p\u00e9\u010de a praktick\u00e9 dopady ve vztahu k v\u00fd\u017eivn\u00e9mu \u010derp\u00e1n\u00ed [&hellip;]<\/p>\n","protected":false},"author":1,"featured_media":0,"parent":53,"menu_order":0,"comment_status":"closed","ping_status":"closed","template":"","meta":{"site-sidebar-layout":"default","site-content-layout":"","ast-site-content-layout":"","site-content-style":"default","site-sidebar-style":"default","ast-global-header-display":"","ast-banner-title-visibility":"","ast-main-header-display":"","ast-hfb-above-header-display":"","ast-hfb-below-header-display":"","ast-hfb-mobile-header-display":"","site-post-title":"","ast-breadcrumbs-content":"","ast-featured-img":"","footer-sml-layout":"","theme-transparent-header-meta":"","adv-header-id-meta":"","stick-header-meta":"","header-above-stick-meta":"","header-main-stick-meta":"","header-below-stick-meta":"","astra-migrate-meta-layouts":"default","ast-page-background-enabled":"default","ast-page-background-meta":{"desktop":{"background-color":"var(--ast-global-color-4)","background-image":"","background-repeat":"repeat","background-position":"center center","background-size":"auto","background-attachment":"scroll","background-type":"","background-media":"","overlay-type":"","overlay-color":"","overlay-opacity":"","overlay-gradient":""},"tablet":{"background-color":"","background-image":"","background-repeat":"repeat","background-position":"center center","background-size":"auto","background-attachment":"scroll","background-type":"","background-media":"","overlay-type":"","overlay-color":"","overlay-opacity":"","overlay-gradient":""},"mobile":{"background-color":"","background-image":"","background-repeat":"repeat","background-position":"center center","background-size":"auto","background-attachment":"scroll","background-type":"","background-media":"","overlay-type":"","overlay-color":"","overlay-opacity":"","overlay-gradient":""}},"ast-content-background-meta":{"desktop":{"background-color":"var(--ast-global-color-5)","background-image":"","background-repeat":"repeat","background-position":"center center","background-size":"auto","background-attachment":"scroll","background-type":"","background-media":"","overlay-type":"","overlay-color":"","overlay-opacity":"","overlay-gradient":""},"tablet":{"background-color":"var(--ast-global-color-5)","background-image":"","background-repeat":"repeat","background-position":"center center","background-size":"auto","background-attachment":"scroll","background-type":"","background-media":"","overlay-type":"","overlay-color":"","overlay-opacity":"","overlay-gradient":""},"mobile":{"background-color":"var(--ast-global-color-5)","background-image":"","background-repeat":"repeat","background-position":"center center","background-size":"auto","background-attachment":"scroll","background-type":"","background-media":"","overlay-type":"","overlay-color":"","overlay-opacity":"","overlay-gradient":""}},"footnotes":""},"class_list":["post-202","page","type-page","status-publish","hentry"],"_links":{"self":[{"href":"https:\/\/edukace.cochem.cz\/index.php?rest_route=\/wp\/v2\/pages\/202","targetHints":{"allow":["GET"]}}],"collection":[{"href":"https:\/\/edukace.cochem.cz\/index.php?rest_route=\/wp\/v2\/pages"}],"about":[{"href":"https:\/\/edukace.cochem.cz\/index.php?rest_route=\/wp\/v2\/types\/page"}],"author":[{"embeddable":true,"href":"https:\/\/edukace.cochem.cz\/index.php?rest_route=\/wp\/v2\/users\/1"}],"replies":[{"embeddable":true,"href":"https:\/\/edukace.cochem.cz\/index.php?rest_route=%2Fwp%2Fv2%2Fcomments&post=202"}],"version-history":[{"count":3,"href":"https:\/\/edukace.cochem.cz\/index.php?rest_route=\/wp\/v2\/pages\/202\/revisions"}],"predecessor-version":[{"id":455,"href":"https:\/\/edukace.cochem.cz\/index.php?rest_route=\/wp\/v2\/pages\/202\/revisions\/455"}],"up":[{"embeddable":true,"href":"https:\/\/edukace.cochem.cz\/index.php?rest_route=\/wp\/v2\/pages\/53"}],"wp:attachment":[{"href":"https:\/\/edukace.cochem.cz\/index.php?rest_route=%2Fwp%2Fv2%2Fmedia&parent=202"}],"curies":[{"name":"wp","href":"https:\/\/api.w.org\/{rel}","templated":true}]}}