{"id":119,"date":"2022-03-23T16:46:34","date_gmt":"2022-03-23T16:46:34","guid":{"rendered":"https:\/\/edukace.cochem.cz\/?page_id=119"},"modified":"2022-09-05T11:06:45","modified_gmt":"2022-09-05T11:06:45","slug":"formy-a-prubeh-edukace","status":"publish","type":"page","link":"https:\/\/edukace.cochem.cz\/?page_id=119","title":{"rendered":"Formy a pr\u016fb\u011bh edukace"},"content":{"rendered":"\n<p><strong>Edukace rodi\u010d\u016f se zam\u011b\u0159uje na pos\u00edlen\u00ed rodi\u010dovsk\u00fdch kompetenc\u00ed<\/strong>, a to jak <strong>obecn\u00fdch <\/strong>rodi\u010dovsk\u00fdch kompetenc\u00ed, tak <strong>speci\u00e1ln\u00ed kompetence<\/strong> \u2013 <strong>prov\u00e9st d\u00edt\u011b rozpadem sou\u017eit\u00ed<\/strong> s&nbsp;co nejmen\u0161\u00ed \u00fajmou. V pr\u016fb\u011bhu procesu doprov\u00e1zen\u00ed rodi\u010d\u016f se prohlubuje poskytovan\u00fd obsah a prom\u011b\u0148uj\u00ed metody pr\u00e1ce s rodi\u010di.<\/p>\n\n\n\n<p>Z po\u010d\u00e1tku jde o 1) <strong>p\u0159ed\u00e1v\u00e1n\u00ed z\u00e1kladn\u00edch (obecn\u00fdch) informac\u00ed<\/strong>. Jak rodi\u010de postupuj\u00ed opatrovnick\u00fdm \u0159\u00edzen\u00edm nebo mimosoudn\u00edm \u0159e\u0161en\u00edm sv\u00e9ho sporu a nezvl\u00e1daj\u00ed se sami dohodnout, je jim poskytov\u00e1na 2) <strong>podpora ve smyslu identifikace pot\u0159eb a skute\u010dn\u00e9ho z\u00e1jmu jejich d\u011bt\u00ed<\/strong>. V dal\u0161\u00ed f\u00e1zi procesu jsou 3) <strong>rodi\u010de podporov\u00e1ni v&nbsp;p\u0159izp\u016fsoben\u00ed a modifikaci vlastn\u00edho chov\u00e1n\u00ed a c\u00edl\u016f <\/strong>pot\u0159eb\u00e1m a z\u00e1jm\u016fm jejich d\u011bt\u00ed.<\/p>\n\n\n\n<p><strong>D\u00e9lku a pr\u016fb\u011bh eduka\u010dn\u00edho procesu ur\u010duj\u00ed rodi\u010de a jejich schopnost se domlouvat. N\u011bkter\u00fdm sta\u010d\u00ed z\u00e1kladn\u00ed informace, n\u011bkte\u0159\u00ed pot\u0159ebuj\u00ed v\u011bt\u0161\u00ed m\u00edru pomoci a del\u0161\u00ed doprov\u00e1zen\u00ed<\/strong><strong>.<\/strong><\/p>\n\n\n\n<p>Po absolvov\u00e1n\u00ed eduka\u010dn\u00edho procesu by rodi\u010de m\u011bli b\u00fdt schopni sami, \u010di za pomoci odborn\u00edk\u016f spolu kooperovat, pl\u00e1novat budoucnost pro sv\u00e9 d\u011bti a ur\u010dovat si vlastn\u00ed mechanismy pro \u0159e\u0161en\u00ed konkr\u00e9tn\u00edch \u017eivotn\u00edch situac\u00ed jejich d\u011bt\u00ed.<\/p>\n\n\n\n<p>Praxe<a href=\"#_ftn1\" id=\"_ftnref1\"><sup>[1]<\/sup><\/a> ukazuje, \u017ee doprov\u00e1zen\u00ed rodi\u010d\u016f formou poskytov\u00e1n\u00ed poradenstv\u00ed, je \u017e\u00e1douc\u00ed i pro rodi\u010de, kte\u0159\u00ed nejsou v konfliktu a na form\u011b \u00fapravy pom\u011br\u016f d\u011bt\u00ed po rozvodu se shodnou. P\u0159edstaven\u00ed z\u00e1sadn\u00edch t\u00e9mat a ot\u00e1zek, kter\u00e9 budou rodi\u010de v budoucnu muset vy\u0159e\u0161it ve vz\u00e1jemn\u00e9 shod\u011b, p\u016fsob\u00ed preventivn\u011b proti vzniku event. konflikt\u016f v budoucnu. Poskytnut\u00ed podpory p\u0159i nastaven\u00ed pravidel komunikace nebo domlouv\u00e1n\u00ed konkr\u00e9tn\u00edch z\u00e1le\u017eitost\u00ed u\u010d\u00ed rodi\u010de, jak se domlouvat a \u017ee jejich vz\u00e1jemn\u00e1 domluva je mo\u017en\u00e1.<\/p>\n\n\n\n<figure class=\"wp-block-image aligncenter size-large is-resized\"><img loading=\"lazy\" decoding=\"async\" src=\"https:\/\/edukace.cochem.cz\/wp-content\/uploads\/2022\/03\/odborna_pomoc_rodicum-705x1024.png\" alt=\"odborna_pomoc_rodicum\" class=\"wp-image-141\" width=\"529\" height=\"768\" srcset=\"https:\/\/edukace.cochem.cz\/wp-content\/uploads\/2022\/03\/odborna_pomoc_rodicum-705x1024.png 705w, https:\/\/edukace.cochem.cz\/wp-content\/uploads\/2022\/03\/odborna_pomoc_rodicum-207x300.png 207w, https:\/\/edukace.cochem.cz\/wp-content\/uploads\/2022\/03\/odborna_pomoc_rodicum-768x1115.png 768w, https:\/\/edukace.cochem.cz\/wp-content\/uploads\/2022\/03\/odborna_pomoc_rodicum.png 961w\" sizes=\"auto, (max-width: 529px) 100vw, 529px\" \/><figcaption><em>Odborn\u00e1 pomoc rodi\u010d\u016fm<\/em><\/figcaption><\/figure>\n\n\n\n<hr class=\"wp-block-separator has-css-opacity\"\/>\n\n\n\n<p><a id=\"_ftn1\" href=\"#_ftnref1\"><sup>[1]<\/sup><\/a> Edukace rodi\u010d\u016f je aplikov\u00e1na v mnoha interdisciplin\u00e1rn\u00edch t\u00fdmech (v sou\u010dasnosti v\u00edce ne\u017e 30 v \u010cR). N\u011bkter\u00e9 z t\u011bchto t\u00fdm\u016f shroma\u017e\u010fuj\u00ed statistick\u00e1 data (nap\u0159. OS Most, OS Nov\u00fd Ji\u010d\u00edn).<\/p>\n\n\n\n<div style=\"height:50px\" aria-hidden=\"true\" class=\"wp-block-spacer\"><\/div>\n\n\n\n<hr class=\"wp-block-separator has-text-color has-css-opacity has-background alignwide is-style-wide\" style=\"background-color:#eac323;color:#eac323\"\/>\n\n\n\n<div style=\"height:30px\" aria-hidden=\"true\" class=\"wp-block-spacer\"><\/div>\n\n\n\n<div class=\"wp-block-buttons alignwide is-content-justification-center is-layout-flex wp-container-core-buttons-is-layout-a89b3969 wp-block-buttons-is-layout-flex\">\n<div class=\"wp-block-button\"><a class=\"wp-block-button__link\" href=\"https:\/\/edukace.cochem.cz\/?page_id=117\">&lt;&lt; <strong>Situace v \u010cesk\u00e9 republice<\/strong><\/a><\/div>\n\n\n\n<div class=\"wp-block-button\"><a class=\"wp-block-button__link\" href=\"https:\/\/edukace.cochem.cz\/?page_id=121\"><strong>Formy edukace \u2013 podrobn\u011b<\/strong> &gt;&gt;<\/a><\/div>\n<\/div>\n","protected":false},"excerpt":{"rendered":"<p>Edukace rodi\u010d\u016f se zam\u011b\u0159uje na pos\u00edlen\u00ed rodi\u010dovsk\u00fdch kompetenc\u00ed, a to jak obecn\u00fdch rodi\u010dovsk\u00fdch kompetenc\u00ed, tak speci\u00e1ln\u00ed kompetence \u2013 prov\u00e9st d\u00edt\u011b rozpadem sou\u017eit\u00ed s&nbsp;co nejmen\u0161\u00ed \u00fajmou. V pr\u016fb\u011bhu procesu doprov\u00e1zen\u00ed rodi\u010d\u016f se prohlubuje poskytovan\u00fd obsah a prom\u011b\u0148uj\u00ed metody pr\u00e1ce s rodi\u010di. Z po\u010d\u00e1tku jde o 1) p\u0159ed\u00e1v\u00e1n\u00ed z\u00e1kladn\u00edch (obecn\u00fdch) informac\u00ed. Jak rodi\u010de postupuj\u00ed opatrovnick\u00fdm \u0159\u00edzen\u00edm nebo [&hellip;]<\/p>\n","protected":false},"author":1,"featured_media":0,"parent":7,"menu_order":0,"comment_status":"closed","ping_status":"closed","template":"","meta":{"site-sidebar-layout":"default","site-content-layout":"","ast-site-content-layout":"","site-content-style":"default","site-sidebar-style":"default","ast-global-header-display":"","ast-banner-title-visibility":"","ast-main-header-display":"","ast-hfb-above-header-display":"","ast-hfb-below-header-display":"","ast-hfb-mobile-header-display":"","site-post-title":"","ast-breadcrumbs-content":"","ast-featured-img":"","footer-sml-layout":"","theme-transparent-header-meta":"","adv-header-id-meta":"","stick-header-meta":"","header-above-stick-meta":"","header-main-stick-meta":"","header-below-stick-meta":"","astra-migrate-meta-layouts":"default","ast-page-background-enabled":"default","ast-page-background-meta":{"desktop":{"background-color":"var(--ast-global-color-4)","background-image":"","background-repeat":"repeat","background-position":"center center","background-size":"auto","background-attachment":"scroll","background-type":"","background-media":"","overlay-type":"","overlay-color":"","overlay-opacity":"","overlay-gradient":""},"tablet":{"background-color":"","background-image":"","background-repeat":"repeat","background-position":"center center","background-size":"auto","background-attachment":"scroll","background-type":"","background-media":"","overlay-type":"","overlay-color":"","overlay-opacity":"","overlay-gradient":""},"mobile":{"background-color":"","background-image":"","background-repeat":"repeat","background-position":"center center","background-size":"auto","background-attachment":"scroll","background-type":"","background-media":"","overlay-type":"","overlay-color":"","overlay-opacity":"","overlay-gradient":""}},"ast-content-background-meta":{"desktop":{"background-color":"var(--ast-global-color-5)","background-image":"","background-repeat":"repeat","background-position":"center center","background-size":"auto","background-attachment":"scroll","background-type":"","background-media":"","overlay-type":"","overlay-color":"","overlay-opacity":"","overlay-gradient":""},"tablet":{"background-color":"var(--ast-global-color-5)","background-image":"","background-repeat":"repeat","background-position":"center center","background-size":"auto","background-attachment":"scroll","background-type":"","background-media":"","overlay-type":"","overlay-color":"","overlay-opacity":"","overlay-gradient":""},"mobile":{"background-color":"var(--ast-global-color-5)","background-image":"","background-repeat":"repeat","background-position":"center center","background-size":"auto","background-attachment":"scroll","background-type":"","background-media":"","overlay-type":"","overlay-color":"","overlay-opacity":"","overlay-gradient":""}},"footnotes":""},"class_list":["post-119","page","type-page","status-publish","hentry"],"_links":{"self":[{"href":"https:\/\/edukace.cochem.cz\/index.php?rest_route=\/wp\/v2\/pages\/119","targetHints":{"allow":["GET"]}}],"collection":[{"href":"https:\/\/edukace.cochem.cz\/index.php?rest_route=\/wp\/v2\/pages"}],"about":[{"href":"https:\/\/edukace.cochem.cz\/index.php?rest_route=\/wp\/v2\/types\/page"}],"author":[{"embeddable":true,"href":"https:\/\/edukace.cochem.cz\/index.php?rest_route=\/wp\/v2\/users\/1"}],"replies":[{"embeddable":true,"href":"https:\/\/edukace.cochem.cz\/index.php?rest_route=%2Fwp%2Fv2%2Fcomments&post=119"}],"version-history":[{"count":7,"href":"https:\/\/edukace.cochem.cz\/index.php?rest_route=\/wp\/v2\/pages\/119\/revisions"}],"predecessor-version":[{"id":435,"href":"https:\/\/edukace.cochem.cz\/index.php?rest_route=\/wp\/v2\/pages\/119\/revisions\/435"}],"up":[{"embeddable":true,"href":"https:\/\/edukace.cochem.cz\/index.php?rest_route=\/wp\/v2\/pages\/7"}],"wp:attachment":[{"href":"https:\/\/edukace.cochem.cz\/index.php?rest_route=%2Fwp%2Fv2%2Fmedia&parent=119"}],"curies":[{"name":"wp","href":"https:\/\/api.w.org\/{rel}","templated":true}]}}