{"id":115,"date":"2022-03-23T16:45:55","date_gmt":"2022-03-23T16:45:55","guid":{"rendered":"https:\/\/edukace.cochem.cz\/?page_id=115"},"modified":"2022-09-05T11:15:17","modified_gmt":"2022-09-05T11:15:17","slug":"zahranicni-dobra-praxe-inspirace-ze-zahranici","status":"publish","type":"page","link":"https:\/\/edukace.cochem.cz\/?page_id=115","title":{"rendered":"Zahrani\u010dn\u00ed dobr\u00e1 praxe\/inspirace ze\u00a0zahrani\u010d\u00ed"},"content":{"rendered":"\n<h2 class=\"wp-block-heading\">Velk\u00e1 Brit\u00e1nie<\/h2>\n\n\n\n<p>Ve Velk\u00e9 Brit\u00e1nii existuje ji\u017e v\u00edce ne\u017e 10 let <strong>program pro rozv\u00e1d\u011bj\u00edc\u00ed se rodi\u010de<\/strong> s n\u00e1zvem <strong>Separated Parents Information (SPIP)<\/strong>. Program nab\u00edz\u00ed <strong>s\u00ed\u0165 partnersk\u00fdch organizac\u00ed<\/strong>, jim\u017e ud\u011bluje <strong>souhlas s poskytov\u00e1n\u00edm t\u00e9to slu\u017eby<\/strong>, tzv. <strong>CAFCASS<\/strong> (Children and Family Court Advisory and Support Service). Jde o \u00fa\u0159ad se s\u00edt\u00ed pobo\u010dek poskytuj\u00edc\u00ed poradenstv\u00ed pro d\u011bti a rodiny a podp\u016frn\u00e9 slu\u017eby v souvislosti se soudn\u00edmi \u0159\u00edzen\u00edmi, jejich\u017e \u00fa\u010dastn\u00edky jsou d\u011bti a nezletil\u00ed. CAFCASS tak\u00e9 poskytuje bezplatn\u00e9 zastoupen\u00ed n\u011bkter\u00fdm d\u011btem a mladistv\u00fdm v soudn\u00edch \u0159\u00edzen\u00edch (o ustanoven\u00ed organizace CAFCASS coby kolizn\u00edho opatrovn\u00edka rozhoduje soudce).<\/p>\n\n\n\n<p>Kurz sest\u00e1v\u00e1 z jednoho bloku o d\u00e9lce 4 hodin. Rodi\u010de (jeden rodi\u010dovsk\u00fd p\u00e1r) p\u0159itom nenav\u0161t\u011bvuj\u00ed kurz spole\u010dn\u011b, jsou rozd\u011bleni do skupin k jin\u00fdm rodi\u010d\u016fm. Kurz je zpoplatn\u011bn, cenu ur\u010duje poskytovatel. Kurz mohou rodi\u010de nav\u0161t\u00edvit dobrovoln\u011b, p\u0159\u00edp. je jim na\u0159\u00edzen soudem, \u010dasto spole\u010dn\u011b s media\u010dn\u00edm setk\u00e1n\u00edm. V p\u0159\u00edpadech, kdy je \u00fa\u010dast na kurzu na\u0159\u00edzena soudcem, je kurz zdarma. Pokud se rodi\u010de rozhodnou kurz absolvovat, mus\u00ed jej absolvovat cel\u00fd.<\/p>\n\n\n\n<p>Jde o kurz, kter\u00fd m\u00e1 rodi\u010de nau\u010dit, jak up\u0159ednostnit p\u0159i rozvodu pot\u0159eby a z\u00e1jem sv\u00e9ho d\u00edt\u011bte, vybavit je schopnostmi, kter\u00e9 jim umo\u017en\u00ed uzav\u00edrat i momosoudn\u00ed dohody. Program funguje ji\u017e v\u00edce ne\u017e 10 let a v pr\u016fb\u011bhu \u010dasu byl vyhodnocov\u00e1n jeho dopad a vliv na rodi\u010de a pr\u016fb\u011bh n\u00e1sleduj\u00edc\u00edho soudn\u00edho \u0159\u00edzen\u00ed. Odkaz na anal\u00fdzu <a href=\"https:\/\/assets.publishing.service.gov.uk\/government\/uploads\/system\/uploads\/attachment_data\/file\/181695\/DFE-RR140.pdf\" target=\"_blank\" rel=\"noreferrer noopener\">zde<\/a><a id=\"_ftnref1\" href=\"#_ftn1\"><sup>[1]<\/sup><\/a>. Detailn\u011bj\u0161\u00ed informace k programu zde: <a href=\"https:\/\/www.cafcass.gov.uk\/download\/4890\/\" target=\"_blank\" rel=\"noreferrer noopener\">SPIP factsheet<\/a><a id=\"_ftnref2\" href=\"#_ftn2\"><sup>[2]<\/sup><\/a><\/p>\n\n\n\n<h2 class=\"wp-block-heading\">D\u00e1nsko<\/h2>\n\n\n\n<p>V D\u00e1nsku mus\u00ed sezdan\u00ed rodi\u010de povinn\u011b absolvovat kurz spolupr\u00e1ce po rozvodu <strong>formou e-learningu<\/strong> je\u0161t\u011b p\u0159ed t\u00edm, ne\u017e se dostav\u00ed k soudu. Term\u00edn prvn\u00edho soudn\u00edho jedn\u00e1n\u00ed dostanou a\u017e po absolvov\u00e1n\u00ed tohoto kurzu ob\u011bma rodi\u010di.<\/p>\n\n\n\n<p><strong>Kurz spolupr\u00e1ce po rozvodu <\/strong>(Samarbejde Efter Skilsmisse\/SES) m\u00e1 pomoci rodi\u010d\u016fm a jejich d\u011btem l\u00e9pe se adaptovat na novou situaci. Je sestaven ze 17 modul\u016f, kter\u00e9 se zam\u011b\u0159uj\u00ed na potenci\u00e1ln\u011b konfliktn\u00ed situace po rozvodu a nab\u00edz\u00ed \u0159e\u0161en\u00ed t\u011bchto situac\u00ed. U\u010d\u00ed rodi\u010de, jak s expartnerem v t\u011bchto situac\u00edch na konkr\u00e9tn\u00ed t\u00e9mata l\u00e9pe komunikovat, jak rozum\u011bt sv\u00fdm reakc\u00edm a jak rozum\u011bt reakc\u00edm d\u011bt\u00ed na nastalou situaci. Nap\u0159. jak zorganizovat a domluvit se na oslav\u011b narozenin d\u011bt\u00ed nebo jin\u00fdch \u010dlen\u016f rodiny nebo jak \u0159\u00edci d\u011btem o tom, \u017ee se rodi\u010de rozv\u00e1d\u00ed apod. P\u0159itom je jim p\u0159edest\u0159ena \u0161k\u00e1la t\u00e9mat, kter\u00e1 budou muset v situaci rozvodu nebo i v budoucnu \u0159e\u0161it a budou muset v t\u011bchto v\u011bcech doj\u00edt k dohod\u011b.<\/p>\n\n\n\n<p>Kurz je <strong>dostupn\u00fd on-line<\/strong>, lze ho absolvovat bu\u010f na po\u010d\u00edta\u010di nebo si st\u00e1hnout aplikaci do telefonu \u010di tabletu. Doba, za kterou jsou rodi\u010de schopni kurz zvl\u00e1dnout, je od 30 min a\u017e po n\u011bkolik hodin \u010di dn\u00ed. Z\u00e1le\u017e\u00ed na tom, jak\u00fd \u010das rodi\u010de pot\u0159ebuj\u00ed. Pokud rodi\u010de kurz neabsolvuj\u00ed, nerozvedou je, nedostanou term\u00edn soudn\u00edho jedn\u00e1n\u00ed do doby, ne\u017e kurz oba absolvuj\u00ed.<\/p>\n\n\n\n<p>Kurz byl vyvinut ve spolupr\u00e1ce s prof. Gertem Martinem Haldem, psychologem vyu\u010duj\u00edc\u00edm na Koda\u0148sk\u00e9 univerzit\u011b (<a href=\"https:\/\/www.ku.dk\/\" target=\"_blank\" rel=\"noreferrer noopener\">K\u00f8benhavns Universitet<\/a>). Od roku 2015 do roku 2018 byl pilotn\u011b ov\u011b\u0159ov\u00e1n na vzorku 2500 dobrovoln\u00edk\u016f. Od 1. 4. 2019 vstoupila v platnost <strong>legislativn\u00ed \u00faprava<\/strong>, kter\u00e1 sezdan\u00fdm rodi\u010d\u016fm <strong>ukl\u00e1d\u00e1 povinnost kurz p\u0159ed rozvodem absolvovat<\/strong>.<\/p>\n\n\n\n<p>Sezdan\u00ed rodi\u010de dostanou personalizovan\u00fd p\u0159\u00edstupov\u00fd k\u00f3d do kurzu v moment\u011b, kdy se obr\u00e1t\u00ed na soud s n\u00e1vrhem na rozvod man\u017eelstv\u00ed. Nesezdan\u00ed rodi\u010de kurz absolvovat nemus\u00ed, pokud cht\u011bj\u00ed, mohou se obr\u00e1tit na p\u0159\u00edslu\u0161nou autoritu a o p\u0159\u00edstup za\u017e\u00e1dat. V takov\u00e9m p\u0159\u00edpad\u011b se mus\u00ed obr\u00e1tit na instituci Familieretshuset<a href=\"#_ftn3\" id=\"_ftnref3\"><sup>[3]<\/sup><\/a>, voln\u011b p\u0159elo\u017eeno jde o Agenturu rodinn\u00e9ho pr\u00e1va, kter\u00e1 \u0159e\u0161\u00ed agendu t\u00fdkaj\u00edc\u00ed se adopce, rozvod\u016f, p\u011bstounsk\u00e9 p\u00e9\u010de, ur\u010den\u00ed jm\u00e9na, ur\u010den\u00ed otcovstv\u00ed aj.<\/p>\n\n\n\n<h2 class=\"wp-block-heading\">Singapur<strong><\/strong><\/h2>\n\n\n\n<p>V Singapuru mus\u00ed v\u0161ichni rodi\u010de p\u0159ed rozvodem <strong>povinn\u011b<\/strong> absolvovat <strong>Rodi\u010dovsk\u00fd program<a href=\"#_ftn4\" id=\"_ftnref4\"><sup><strong><sup>[4]<\/sup><\/strong><\/sup><\/a><\/strong>. Jde o konzultaci, kter\u00e1 je koncipov\u00e1na tak, aby p\u00e1ry byly schopn\u00e9 \u010dinit informovan\u00e1 rozhodnut\u00ed, kter\u00e1 p\u0159edev\u0161\u00edm zohled\u0148uj\u00ed nejlep\u0161\u00ed z\u00e1jem d\u00edt\u011bte.<\/p>\n\n\n\n<p><strong>Konzultace<\/strong> poskytuj\u00ed tzv. <strong>Divorce Support Specialist Agencies<\/strong> (DSSAs)<a href=\"#_ftn5\" id=\"_ftnref5\"><sup>[5]<\/sup><\/a>, agentury poskytuj\u00edc\u00ed odbornou pomoc v situaci rozvodu. Celkem 6 t\u011bchto pracovi\u0161\u0165 poskytuje odborn\u00e9 podp\u016frn\u00e9 programy pro rodiny v rozvodov\u00e9 situaci a po rozvodu.<\/p>\n\n\n\n<p>DSSAs poskytuj\u00ed n\u00e1sleduj\u00edc\u00ed slu\u017eby:<\/p>\n\n\n\n<ul class=\"wp-block-list\"><li>povinn\u00e9 programy pro rodi\u010de p\u0159ed rozvodem<\/li><li>informace a nepr\u00e1vn\u00ed poradenstv\u00ed v rozvodov\u00e9 situaci v ot\u00e1zk\u00e1ch financ\u00ed a bydlen\u00ed<\/li><li>case management<\/li><li>poradenstv\u00ed<\/li><li>management sporn\u00fdch rozvod\u016f<\/li><li>podp\u016frn\u00e9 skupiny<\/li><\/ul>\n\n\n\n<p>Kurz\u016f se mus\u00ed z\u00fa\u010dastnit v\u0161ichni rodi\u010de s d\u011btmi mlad\u0161\u00edmi 21 let. Vylou\u010den\u00ed z povinn\u00fdch kurz\u016f jsou pouze rodi\u010de, kte\u0159\u00ed maj\u00ed n\u011bjak\u00e9 ment\u00e1ln\u00ed omezen\u00ed. V takov\u00e9m p\u0159\u00edpad\u011b je t\u0159eba dolo\u017eit l\u00e9ka\u0159sk\u00e9 zpr\u00e1vy.<\/p>\n\n\n\n<h2 class=\"wp-block-heading\">USA<\/h2>\n\n\n\n<p><strong>N\u011bkter\u00e9 st\u00e1ty<\/strong> v r\u00e1mci Spojen\u00fdch st\u00e1t\u016f americk\u00fdch vy\u017eaduj\u00ed po rodi\u010d\u00edch v rozvodov\u00e9 situaci <strong>absolvov\u00e1n\u00ed povinn\u00e9ho kurzu<\/strong> <strong>\u201eParenting Classes\u201c<\/strong>. Pat\u0159\u00ed mezi n\u011b: Alja\u0161ka, Arizona, Connecticut, Delaware, Florida, Hawaii, Illinois, Massachusetts, Missouri, New Hampshire, New Jersey, Oklahoma, Tennessee, Utah, Washington, West Virginia a Wisconsin.<\/p>\n\n\n\n<p>V povinn\u00e9m programu se rodi\u010de v\u011bnuj\u00ed t\u00e9mat\u016fm jako jsou:<\/p>\n\n\n\n<ul class=\"wp-block-list\"><li>mo\u017enosti domlouv\u00e1n\u00ed se ohledn\u011b uspo\u0159\u00e1d\u00e1n\u00ed p\u00e9\u010de a kontaktu<\/li><li>emo\u010dn\u00ed pro\u017e\u00edv\u00e1n\u00ed a probl\u00e9my rozv\u00e1d\u011bj\u00edc\u00edch se dosp\u011bl\u00fdch<\/li><li>probl\u00e9my, kter\u00e9 se odr\u00e1\u017e\u00ed v rodin\u011b a pot\u0159eby d\u011bt\u00ed<\/li><li>vztahy v r\u00e1mci rodiny a vztahov\u00e1 dynamika<\/li><li>finan\u010dn\u00ed odpov\u011bdnost ve vztahu k d\u00edt\u011bti\/d\u011btem<\/li><li>z\u00e1le\u017eitosti t\u00fdkaj\u00edc\u00ed se zneu\u017e\u00edv\u00e1n\u00ed nebo zanedb\u00e1v\u00e1n\u00ed d\u011bt\u00ed<\/li><li>edukace zam\u011b\u0159en\u00e1 na osvojen\u00ed vztahov\u00fdch dovednost\u00ed, kter\u00e9 lze uplatnit v r\u00e1mci rodi\u010dovstv\u00ed, v pr\u00e1ci, \u0161kole \u010di jin\u00fdch oblastech \u017eivota<\/li><li>dostupnost slu\u017eeb pom\u00e1haj\u00edc\u00edch profes\u00ed a dal\u0161\u00ed zdroje pomoci<\/li><\/ul>\n\n\n\n<p><strong>V jin\u00fdch st\u00e1tech<\/strong> jako jsou nap\u0159. Minnesota, Virginia, Idaho a Nebraska, <strong>mus\u00ed kurz absolvovat pouze rodi\u010de, kte\u0159\u00ed nejsou schopni se domluvit<\/strong>. V ostatn\u00edch st\u00e1tech ponech\u00e1vaj\u00ed na rozhodnut\u00ed soudce, zda by m\u011bli rodi\u010de takov\u00fd kurz absolvovat a v n\u011bkter\u00fdch st\u00e1tech jako nap\u0159. v Severn\u00ed Karol\u00edn\u011b se tato povinnost vztahuje pouze na n\u011bkter\u00e9 oblasti (12. okrsek).<\/p>\n\n\n\n<p>C\u00edlem t\u011bchto kurz\u016f je nau\u010dit rodi\u010de, jak zm\u00edrnit nap\u011bt\u00ed prost\u0159ednictv\u00edm sn\u00ed\u017een\u00ed interakce mezi sebou a zv\u00fd\u0161en\u00ed interakce mezi ka\u017ed\u00fdm z rodi\u010d\u016f a d\u00edt\u011btem. D\u00e1le se v\u011bnuj\u00ed zvl\u00e1dnut\u00ed spolupracuj\u00edc\u00edho rodi\u010dovstv\u00ed. Kurzy nab\u00edz\u00ed <strong>r\u016fzn\u00e9 vzd\u011bl\u00e1vac\u00ed organizace prezen\u010dn\u00ed formou i on-line<\/strong>. N\u011bkter\u00e9 st\u00e1ty po\u017eaduj\u00ed minim\u00e1ln\u00ed trv\u00e1n\u00ed kurzu v d\u00e9lce 4 hodin, n\u011bkter\u00e9 v d\u00e9lce 8 hodin. Po absolvov\u00e1n\u00ed kurzu dost\u00e1v\u00e1 \u00fa\u010dastn\u00edk <strong>osv\u011bd\u010den\u00ed<\/strong>, kter\u00e9 dolo\u017e\u00ed u soudu.<\/p>\n\n\n\n<hr class=\"wp-block-separator has-css-opacity\"\/>\n\n\n\n<p><a id=\"_ftn1\" href=\"#_ftnref1\"><sup>[1]<\/sup><\/a> Dostupn\u00e9 z: <a href=\"https:\/\/assets.publishing.service.gov.uk\/government\/uploads\/system\/uploads\/attachment_data\/file\/181695\/DFE-RR140.pdf\" target=\"_blank\" rel=\"noreferrer noopener\">https:\/\/assets.publishing.service.gov.uk\/government\/uploads\/system\/uploads\/attachment_data\/file\/181695\/DFE-RR140.pdf<\/a><\/p>\n\n\n\n<p><a id=\"_ftn2\" href=\"#_ftnref2\"><sup>[2]<\/sup><\/a> <a href=\"https:\/\/www.cafcass.gov.uk\/download\/4890\/\" target=\"_blank\" rel=\"noreferrer noopener\">https:\/\/www.cafcass.gov.uk\/download\/4890\/<\/a><\/p>\n\n\n\n<p><a id=\"_ftn3\" href=\"#_ftnref3\"><sup>[3]<\/sup><\/a> <a href=\"https:\/\/familieretshuset.dk\" target=\"_blank\" rel=\"noreferrer noopener\">https:\/\/familieretshuset.dk<\/a><\/p>\n\n\n\n<p><a id=\"_ftn4\" href=\"#_ftnref4\"><sup>[4]<\/sup><\/a> <a href=\"https:\/\/www.msf.gov.sg\/Divorce-Support\/Pages\/Mandatory-Parenting-Programme.aspx\" target=\"_blank\" rel=\"noreferrer noopener\">https:\/\/www.msf.gov.sg\/Divorce-Support\/Pages\/Mandatory-Parenting-Programme.aspx<\/a><\/p>\n\n\n\n<p><a id=\"_ftn5\" href=\"#_ftnref5\"><sup>[5]<\/sup><\/a> <a href=\"https:\/\/www.msf.gov.sg\/Divorce-Support\/Divorce-Support\/Divorce-Support-Specialist-Agencies\/Pages\/Overview-of-DSSAs.aspx\" target=\"_blank\" rel=\"noreferrer noopener\">https:\/\/www.msf.gov.sg\/Divorce-Support\/Divorce-Support\/Divorce-Support-Specialist-Agencies\/Pages\/Overview-of-DSSAs.aspx<\/a><a id=\"_msocom_1\"><\/a><\/p>\n\n\n\n<div style=\"height:50px\" aria-hidden=\"true\" class=\"wp-block-spacer\"><\/div>\n\n\n\n<hr class=\"wp-block-separator has-text-color has-css-opacity has-background alignwide is-style-wide\" style=\"background-color:#eac323;color:#eac323\"\/>\n\n\n\n<div style=\"height:30px\" aria-hidden=\"true\" class=\"wp-block-spacer\"><\/div>\n\n\n\n<div class=\"wp-block-buttons alignwide is-content-justification-center is-layout-flex wp-container-core-buttons-is-layout-a89b3969 wp-block-buttons-is-layout-flex\">\n<div class=\"wp-block-button\"><a class=\"wp-block-button__link\" href=\"https:\/\/edukace.cochem.cz\/?page_id=75\">&lt;&lt; <strong>Odborn\u00e1 v\u00fdchodiska edukace<\/strong><\/a><\/div>\n\n\n\n<div class=\"wp-block-button\"><a class=\"wp-block-button__link\" href=\"https:\/\/edukace.cochem.cz\/?page_id=117\"><strong>Situace v \u010cesk\u00e9 republice<\/strong> &gt;&gt;<\/a><\/div>\n<\/div>\n","protected":false},"excerpt":{"rendered":"<p>Velk\u00e1 Brit\u00e1nie Ve Velk\u00e9 Brit\u00e1nii existuje ji\u017e v\u00edce ne\u017e 10 let program pro rozv\u00e1d\u011bj\u00edc\u00ed se rodi\u010de s n\u00e1zvem Separated Parents Information (SPIP). Program nab\u00edz\u00ed s\u00ed\u0165 partnersk\u00fdch organizac\u00ed, jim\u017e ud\u011bluje souhlas s poskytov\u00e1n\u00edm t\u00e9to slu\u017eby, tzv. CAFCASS (Children and Family Court Advisory and Support Service). Jde o \u00fa\u0159ad se s\u00edt\u00ed pobo\u010dek poskytuj\u00edc\u00ed poradenstv\u00ed pro d\u011bti a [&hellip;]<\/p>\n","protected":false},"author":1,"featured_media":0,"parent":7,"menu_order":0,"comment_status":"closed","ping_status":"closed","template":"","meta":{"site-sidebar-layout":"default","site-content-layout":"","ast-site-content-layout":"","site-content-style":"default","site-sidebar-style":"default","ast-global-header-display":"","ast-banner-title-visibility":"","ast-main-header-display":"","ast-hfb-above-header-display":"","ast-hfb-below-header-display":"","ast-hfb-mobile-header-display":"","site-post-title":"","ast-breadcrumbs-content":"","ast-featured-img":"","footer-sml-layout":"","theme-transparent-header-meta":"","adv-header-id-meta":"","stick-header-meta":"","header-above-stick-meta":"","header-main-stick-meta":"","header-below-stick-meta":"","astra-migrate-meta-layouts":"default","ast-page-background-enabled":"default","ast-page-background-meta":{"desktop":{"background-color":"var(--ast-global-color-4)","background-image":"","background-repeat":"repeat","background-position":"center center","background-size":"auto","background-attachment":"scroll","background-type":"","background-media":"","overlay-type":"","overlay-color":"","overlay-opacity":"","overlay-gradient":""},"tablet":{"background-color":"","background-image":"","background-repeat":"repeat","background-position":"center center","background-size":"auto","background-attachment":"scroll","background-type":"","background-media":"","overlay-type":"","overlay-color":"","overlay-opacity":"","overlay-gradient":""},"mobile":{"background-color":"","background-image":"","background-repeat":"repeat","background-position":"center center","background-size":"auto","background-attachment":"scroll","background-type":"","background-media":"","overlay-type":"","overlay-color":"","overlay-opacity":"","overlay-gradient":""}},"ast-content-background-meta":{"desktop":{"background-color":"var(--ast-global-color-5)","background-image":"","background-repeat":"repeat","background-position":"center center","background-size":"auto","background-attachment":"scroll","background-type":"","background-media":"","overlay-type":"","overlay-color":"","overlay-opacity":"","overlay-gradient":""},"tablet":{"background-color":"var(--ast-global-color-5)","background-image":"","background-repeat":"repeat","background-position":"center center","background-size":"auto","background-attachment":"scroll","background-type":"","background-media":"","overlay-type":"","overlay-color":"","overlay-opacity":"","overlay-gradient":""},"mobile":{"background-color":"var(--ast-global-color-5)","background-image":"","background-repeat":"repeat","background-position":"center center","background-size":"auto","background-attachment":"scroll","background-type":"","background-media":"","overlay-type":"","overlay-color":"","overlay-opacity":"","overlay-gradient":""}},"footnotes":""},"class_list":["post-115","page","type-page","status-publish","hentry"],"_links":{"self":[{"href":"https:\/\/edukace.cochem.cz\/index.php?rest_route=\/wp\/v2\/pages\/115","targetHints":{"allow":["GET"]}}],"collection":[{"href":"https:\/\/edukace.cochem.cz\/index.php?rest_route=\/wp\/v2\/pages"}],"about":[{"href":"https:\/\/edukace.cochem.cz\/index.php?rest_route=\/wp\/v2\/types\/page"}],"author":[{"embeddable":true,"href":"https:\/\/edukace.cochem.cz\/index.php?rest_route=\/wp\/v2\/users\/1"}],"replies":[{"embeddable":true,"href":"https:\/\/edukace.cochem.cz\/index.php?rest_route=%2Fwp%2Fv2%2Fcomments&post=115"}],"version-history":[{"count":6,"href":"https:\/\/edukace.cochem.cz\/index.php?rest_route=\/wp\/v2\/pages\/115\/revisions"}],"predecessor-version":[{"id":443,"href":"https:\/\/edukace.cochem.cz\/index.php?rest_route=\/wp\/v2\/pages\/115\/revisions\/443"}],"up":[{"embeddable":true,"href":"https:\/\/edukace.cochem.cz\/index.php?rest_route=\/wp\/v2\/pages\/7"}],"wp:attachment":[{"href":"https:\/\/edukace.cochem.cz\/index.php?rest_route=%2Fwp%2Fv2%2Fmedia&parent=115"}],"curies":[{"name":"wp","href":"https:\/\/api.w.org\/{rel}","templated":true}]}}